{"id":1631,"date":"2013-12-24T04:50:36","date_gmt":"2013-12-24T04:50:36","guid":{"rendered":"http:\/\/themes.goodlayers2.com\/flawless\/?page_id=1631"},"modified":"2024-12-09T15:57:35","modified_gmt":"2024-12-09T15:57:35","slug":"contactos","status":"publish","type":"page","link":"https:\/\/apan.pt\/academia\/contactos\/","title":{"rendered":"Contactos"},"content":{"rendered":"","protected":false},"excerpt":{"rendered":"","protected":false},"author":1,"featured_media":0,"parent":0,"menu_order":0,"comment_status":"closed","ping_status":"open","template":"","meta":{"_monsterinsights_skip_tracking":false,"_monsterinsights_sitenote_active":false,"_monsterinsights_sitenote_note":"","_monsterinsights_sitenote_category":0},"yoast_head":"<!-- This site is optimized with the Yoast SEO plugin v19.12 - https:\/\/yoast.com\/wordpress\/plugins\/seo\/ -->\n<title>Contactos - Academia APAN - Marketing Digital e Comunica\u00e7\u00e3o<\/title>\n<meta name=\"description\" content=\"A Academia APAN disponibiliza forma\u00e7\u00f5es profissionais de Marketing Digital e Comunica\u00e7\u00e3o. Fale connosco atrav\u00e9s dos nossos contactos.\" \/>\n<meta name=\"robots\" content=\"index, follow, max-snippet:-1, max-image-preview:large, max-video-preview:-1\" \/>\n<link rel=\"canonical\" href=\"https:\/\/apan.pt\/academia\/contactos\/\" \/>\n<meta property=\"og:locale\" content=\"pt_PT\" \/>\n<meta property=\"og:type\" content=\"article\" \/>\n<meta property=\"og:title\" content=\"Contactos - Academia APAN - Marketing Digital e Comunica\u00e7\u00e3o\" \/>\n<meta property=\"og:description\" content=\"A Academia APAN disponibiliza forma\u00e7\u00f5es profissionais de Marketing Digital e Comunica\u00e7\u00e3o. Fale connosco atrav\u00e9s dos nossos contactos.\" \/>\n<meta property=\"og:url\" content=\"https:\/\/apan.pt\/academia\/contactos\/\" \/>\n<meta property=\"og:site_name\" content=\"Academia APAN\" \/>\n<meta property=\"article:publisher\" content=\"https:\/\/www.facebook.com\/academiaapan\/?epa=SEARCH_BOX\" \/>\n<meta property=\"article:modified_time\" content=\"2024-12-09T15:57:35+00:00\" \/>\n<meta name=\"twitter:card\" content=\"summary_large_image\" \/>\n<script type=\"application\/ld+json\" class=\"yoast-schema-graph\">{\"@context\":\"https:\/\/schema.org\",\"@graph\":[{\"@type\":\"WebPage\",\"@id\":\"https:\/\/apan.pt\/academia\/contactos\/\",\"url\":\"https:\/\/apan.pt\/academia\/contactos\/\",\"name\":\"Contactos - Academia APAN - Marketing Digital e Comunica\u00e7\u00e3o\",\"isPartOf\":{\"@id\":\"https:\/\/apan.pt\/academia\/#website\"},\"datePublished\":\"2013-12-24T04:50:36+00:00\",\"dateModified\":\"2024-12-09T15:57:35+00:00\",\"description\":\"A Academia APAN disponibiliza forma\u00e7\u00f5es profissionais de Marketing Digital e Comunica\u00e7\u00e3o. Fale connosco atrav\u00e9s dos nossos contactos.\",\"breadcrumb\":{\"@id\":\"https:\/\/apan.pt\/academia\/contactos\/#breadcrumb\"},\"inLanguage\":\"pt-PT\",\"potentialAction\":[{\"@type\":\"ReadAction\",\"target\":[\"https:\/\/apan.pt\/academia\/contactos\/\"]}]},{\"@type\":\"BreadcrumbList\",\"@id\":\"https:\/\/apan.pt\/academia\/contactos\/#breadcrumb\",\"itemListElement\":[{\"@type\":\"ListItem\",\"position\":1,\"name\":\"In\u00edcio\",\"item\":\"https:\/\/apan.pt\/academia\/\"},{\"@type\":\"ListItem\",\"position\":2,\"name\":\"Contactos\"}]},{\"@type\":\"WebSite\",\"@id\":\"https:\/\/apan.pt\/academia\/#website\",\"url\":\"https:\/\/apan.pt\/academia\/\",\"name\":\"Academia APAN\",\"description\":\"Ensina quem sabe\",\"potentialAction\":[{\"@type\":\"SearchAction\",\"target\":{\"@type\":\"EntryPoint\",\"urlTemplate\":\"https:\/\/apan.pt\/academia\/?s={search_term_string}\"},\"query-input\":\"required name=search_term_string\"}],\"inLanguage\":\"pt-PT\"}]}<\/script>\n<!-- \/ Yoast SEO plugin. -->","yoast_head_json":{"title":"Contactos - Academia APAN - Marketing Digital e Comunica\u00e7\u00e3o","description":"A Academia APAN disponibiliza forma\u00e7\u00f5es profissionais de Marketing Digital e Comunica\u00e7\u00e3o. Fale connosco atrav\u00e9s dos nossos contactos.","robots":{"index":"index","follow":"follow","max-snippet":"max-snippet:-1","max-image-preview":"max-image-preview:large","max-video-preview":"max-video-preview:-1"},"canonical":"https:\/\/apan.pt\/academia\/contactos\/","og_locale":"pt_PT","og_type":"article","og_title":"Contactos - Academia APAN - Marketing Digital e Comunica\u00e7\u00e3o","og_description":"A Academia APAN disponibiliza forma\u00e7\u00f5es profissionais de Marketing Digital e Comunica\u00e7\u00e3o. Fale connosco atrav\u00e9s dos nossos contactos.","og_url":"https:\/\/apan.pt\/academia\/contactos\/","og_site_name":"Academia APAN","article_publisher":"https:\/\/www.facebook.com\/academiaapan\/?epa=SEARCH_BOX","article_modified_time":"2024-12-09T15:57:35+00:00","twitter_card":"summary_large_image","schema":{"@context":"https:\/\/schema.org","@graph":[{"@type":"WebPage","@id":"https:\/\/apan.pt\/academia\/contactos\/","url":"https:\/\/apan.pt\/academia\/contactos\/","name":"Contactos - Academia APAN - Marketing Digital e Comunica\u00e7\u00e3o","isPartOf":{"@id":"https:\/\/apan.pt\/academia\/#website"},"datePublished":"2013-12-24T04:50:36+00:00","dateModified":"2024-12-09T15:57:35+00:00","description":"A Academia APAN disponibiliza forma\u00e7\u00f5es profissionais de Marketing Digital e Comunica\u00e7\u00e3o. Fale connosco atrav\u00e9s dos nossos contactos.","breadcrumb":{"@id":"https:\/\/apan.pt\/academia\/contactos\/#breadcrumb"},"inLanguage":"pt-PT","potentialAction":[{"@type":"ReadAction","target":["https:\/\/apan.pt\/academia\/contactos\/"]}]},{"@type":"BreadcrumbList","@id":"https:\/\/apan.pt\/academia\/contactos\/#breadcrumb","itemListElement":[{"@type":"ListItem","position":1,"name":"In\u00edcio","item":"https:\/\/apan.pt\/academia\/"},{"@type":"ListItem","position":2,"name":"Contactos"}]},{"@type":"WebSite","@id":"https:\/\/apan.pt\/academia\/#website","url":"https:\/\/apan.pt\/academia\/","name":"Academia APAN","description":"Ensina quem sabe","potentialAction":[{"@type":"SearchAction","target":{"@type":"EntryPoint","urlTemplate":"https:\/\/apan.pt\/academia\/?s={search_term_string}"},"query-input":"required name=search_term_string"}],"inLanguage":"pt-PT"}]}},"_links":{"self":[{"href":"https:\/\/apan.pt\/academia\/wp-json\/wp\/v2\/pages\/1631"}],"collection":[{"href":"https:\/\/apan.pt\/academia\/wp-json\/wp\/v2\/pages"}],"about":[{"href":"https:\/\/apan.pt\/academia\/wp-json\/wp\/v2\/types\/page"}],"author":[{"embeddable":true,"href":"https:\/\/apan.pt\/academia\/wp-json\/wp\/v2\/users\/1"}],"replies":[{"embeddable":true,"href":"https:\/\/apan.pt\/academia\/wp-json\/wp\/v2\/comments?post=1631"}],"version-history":[{"count":6,"href":"https:\/\/apan.pt\/academia\/wp-json\/wp\/v2\/pages\/1631\/revisions"}],"predecessor-version":[{"id":10892,"href":"https:\/\/apan.pt\/academia\/wp-json\/wp\/v2\/pages\/1631\/revisions\/10892"}],"wp:attachment":[{"href":"https:\/\/apan.pt\/academia\/wp-json\/wp\/v2\/media?parent=1631"}],"curies":[{"name":"wp","href":"https:\/\/api.w.org\/{rel}","templated":true}]}}