{"id":4309,"date":"2016-08-08T19:10:52","date_gmt":"2016-08-08T19:10:52","guid":{"rendered":"http:\/\/academia.apan.mailayout.com\/?page_id=4309"},"modified":"2024-12-10T12:40:47","modified_gmt":"2024-12-10T12:40:47","slug":"missao","status":"publish","type":"page","link":"https:\/\/apan.pt\/academia\/sobre-a-academia\/missao\/","title":{"rendered":"Miss\u00e3o"},"content":{"rendered":"","protected":false},"excerpt":{"rendered":"","protected":false},"author":1,"featured_media":0,"parent":1122,"menu_order":0,"comment_status":"closed","ping_status":"open","template":"","meta":{"_monsterinsights_skip_tracking":false,"_monsterinsights_sitenote_active":false,"_monsterinsights_sitenote_note":"","_monsterinsights_sitenote_category":0},"yoast_head":"<!-- This site is optimized with the Yoast SEO plugin v19.12 - https:\/\/yoast.com\/wordpress\/plugins\/seo\/ -->\n<title>Miss\u00e3o Academia APAN - Forma\u00e7\u00f5es de Marketing Digital e Comunica\u00e7\u00e3o<\/title>\n<meta name=\"description\" content=\"Temos como miss\u00e3o, proporcionar a\u00e7\u00f5es de forma\u00e7\u00e3o e workshops orientados para uma abordagem integrada da comunica\u00e7\u00e3o de marketing digital.\" \/>\n<meta name=\"robots\" content=\"index, follow, max-snippet:-1, max-image-preview:large, max-video-preview:-1\" \/>\n<link rel=\"canonical\" href=\"https:\/\/apan.pt\/academia\/sobre-a-academia\/missao\/\" \/>\n<meta property=\"og:locale\" content=\"pt_PT\" \/>\n<meta property=\"og:type\" content=\"article\" \/>\n<meta property=\"og:title\" content=\"Miss\u00e3o Academia APAN - Forma\u00e7\u00f5es de Marketing Digital e Comunica\u00e7\u00e3o\" \/>\n<meta property=\"og:description\" content=\"Temos como miss\u00e3o, proporcionar a\u00e7\u00f5es de forma\u00e7\u00e3o e workshops orientados para uma abordagem integrada da comunica\u00e7\u00e3o de marketing digital.\" \/>\n<meta property=\"og:url\" content=\"https:\/\/apan.pt\/academia\/sobre-a-academia\/missao\/\" \/>\n<meta property=\"og:site_name\" content=\"Academia APAN\" \/>\n<meta property=\"article:publisher\" content=\"https:\/\/www.facebook.com\/academiaapan\/?epa=SEARCH_BOX\" \/>\n<meta property=\"article:modified_time\" content=\"2024-12-10T12:40:47+00:00\" \/>\n<meta name=\"twitter:card\" content=\"summary_large_image\" \/>\n<script type=\"application\/ld+json\" class=\"yoast-schema-graph\">{\"@context\":\"https:\/\/schema.org\",\"@graph\":[{\"@type\":\"WebPage\",\"@id\":\"https:\/\/apan.pt\/academia\/sobre-a-academia\/missao\/\",\"url\":\"https:\/\/apan.pt\/academia\/sobre-a-academia\/missao\/\",\"name\":\"Miss\u00e3o Academia APAN - Forma\u00e7\u00f5es de Marketing Digital e Comunica\u00e7\u00e3o\",\"isPartOf\":{\"@id\":\"https:\/\/apan.pt\/academia\/#website\"},\"datePublished\":\"2016-08-08T19:10:52+00:00\",\"dateModified\":\"2024-12-10T12:40:47+00:00\",\"description\":\"Temos como miss\u00e3o, proporcionar a\u00e7\u00f5es de forma\u00e7\u00e3o e workshops orientados para uma abordagem integrada da comunica\u00e7\u00e3o de marketing digital.\",\"breadcrumb\":{\"@id\":\"https:\/\/apan.pt\/academia\/sobre-a-academia\/missao\/#breadcrumb\"},\"inLanguage\":\"pt-PT\",\"potentialAction\":[{\"@type\":\"ReadAction\",\"target\":[\"https:\/\/apan.pt\/academia\/sobre-a-academia\/missao\/\"]}]},{\"@type\":\"BreadcrumbList\",\"@id\":\"https:\/\/apan.pt\/academia\/sobre-a-academia\/missao\/#breadcrumb\",\"itemListElement\":[{\"@type\":\"ListItem\",\"position\":1,\"name\":\"In\u00edcio\",\"item\":\"https:\/\/apan.pt\/academia\/\"},{\"@type\":\"ListItem\",\"position\":2,\"name\":\"Sobre a Academia\",\"item\":\"https:\/\/apan.pt\/academia\/sobre-a-academia\/\"},{\"@type\":\"ListItem\",\"position\":3,\"name\":\"Miss\u00e3o\"}]},{\"@type\":\"WebSite\",\"@id\":\"https:\/\/apan.pt\/academia\/#website\",\"url\":\"https:\/\/apan.pt\/academia\/\",\"name\":\"Academia APAN\",\"description\":\"Ensina quem sabe\",\"potentialAction\":[{\"@type\":\"SearchAction\",\"target\":{\"@type\":\"EntryPoint\",\"urlTemplate\":\"https:\/\/apan.pt\/academia\/?s={search_term_string}\"},\"query-input\":\"required name=search_term_string\"}],\"inLanguage\":\"pt-PT\"}]}<\/script>\n<!-- \/ Yoast SEO plugin. -->","yoast_head_json":{"title":"Miss\u00e3o Academia APAN - Forma\u00e7\u00f5es de Marketing Digital e Comunica\u00e7\u00e3o","description":"Temos como miss\u00e3o, proporcionar a\u00e7\u00f5es de forma\u00e7\u00e3o e workshops orientados para uma abordagem integrada da comunica\u00e7\u00e3o de marketing digital.","robots":{"index":"index","follow":"follow","max-snippet":"max-snippet:-1","max-image-preview":"max-image-preview:large","max-video-preview":"max-video-preview:-1"},"canonical":"https:\/\/apan.pt\/academia\/sobre-a-academia\/missao\/","og_locale":"pt_PT","og_type":"article","og_title":"Miss\u00e3o Academia APAN - Forma\u00e7\u00f5es de Marketing Digital e Comunica\u00e7\u00e3o","og_description":"Temos como miss\u00e3o, proporcionar a\u00e7\u00f5es de forma\u00e7\u00e3o e workshops orientados para uma abordagem integrada da comunica\u00e7\u00e3o de marketing digital.","og_url":"https:\/\/apan.pt\/academia\/sobre-a-academia\/missao\/","og_site_name":"Academia APAN","article_publisher":"https:\/\/www.facebook.com\/academiaapan\/?epa=SEARCH_BOX","article_modified_time":"2024-12-10T12:40:47+00:00","twitter_card":"summary_large_image","schema":{"@context":"https:\/\/schema.org","@graph":[{"@type":"WebPage","@id":"https:\/\/apan.pt\/academia\/sobre-a-academia\/missao\/","url":"https:\/\/apan.pt\/academia\/sobre-a-academia\/missao\/","name":"Miss\u00e3o Academia APAN - Forma\u00e7\u00f5es de Marketing Digital e Comunica\u00e7\u00e3o","isPartOf":{"@id":"https:\/\/apan.pt\/academia\/#website"},"datePublished":"2016-08-08T19:10:52+00:00","dateModified":"2024-12-10T12:40:47+00:00","description":"Temos como miss\u00e3o, proporcionar a\u00e7\u00f5es de forma\u00e7\u00e3o e workshops orientados para uma abordagem integrada da comunica\u00e7\u00e3o de marketing digital.","breadcrumb":{"@id":"https:\/\/apan.pt\/academia\/sobre-a-academia\/missao\/#breadcrumb"},"inLanguage":"pt-PT","potentialAction":[{"@type":"ReadAction","target":["https:\/\/apan.pt\/academia\/sobre-a-academia\/missao\/"]}]},{"@type":"BreadcrumbList","@id":"https:\/\/apan.pt\/academia\/sobre-a-academia\/missao\/#breadcrumb","itemListElement":[{"@type":"ListItem","position":1,"name":"In\u00edcio","item":"https:\/\/apan.pt\/academia\/"},{"@type":"ListItem","position":2,"name":"Sobre a Academia","item":"https:\/\/apan.pt\/academia\/sobre-a-academia\/"},{"@type":"ListItem","position":3,"name":"Miss\u00e3o"}]},{"@type":"WebSite","@id":"https:\/\/apan.pt\/academia\/#website","url":"https:\/\/apan.pt\/academia\/","name":"Academia APAN","description":"Ensina quem sabe","potentialAction":[{"@type":"SearchAction","target":{"@type":"EntryPoint","urlTemplate":"https:\/\/apan.pt\/academia\/?s={search_term_string}"},"query-input":"required name=search_term_string"}],"inLanguage":"pt-PT"}]}},"_links":{"self":[{"href":"https:\/\/apan.pt\/academia\/wp-json\/wp\/v2\/pages\/4309"}],"collection":[{"href":"https:\/\/apan.pt\/academia\/wp-json\/wp\/v2\/pages"}],"about":[{"href":"https:\/\/apan.pt\/academia\/wp-json\/wp\/v2\/types\/page"}],"author":[{"embeddable":true,"href":"https:\/\/apan.pt\/academia\/wp-json\/wp\/v2\/users\/1"}],"replies":[{"embeddable":true,"href":"https:\/\/apan.pt\/academia\/wp-json\/wp\/v2\/comments?post=4309"}],"version-history":[{"count":10,"href":"https:\/\/apan.pt\/academia\/wp-json\/wp\/v2\/pages\/4309\/revisions"}],"predecessor-version":[{"id":10949,"href":"https:\/\/apan.pt\/academia\/wp-json\/wp\/v2\/pages\/4309\/revisions\/10949"}],"up":[{"embeddable":true,"href":"https:\/\/apan.pt\/academia\/wp-json\/wp\/v2\/pages\/1122"}],"wp:attachment":[{"href":"https:\/\/apan.pt\/academia\/wp-json\/wp\/v2\/media?parent=4309"}],"curies":[{"name":"wp","href":"https:\/\/api.w.org\/{rel}","templated":true}]}}