{"id":5269,"date":"2017-03-26T19:01:41","date_gmt":"2017-03-26T18:01:41","guid":{"rendered":"https:\/\/apan.pt\/academia\/?page_id=5269"},"modified":"2026-03-10T11:41:21","modified_gmt":"2026-03-10T11:41:21","slug":"formacoes-tailor-made","status":"publish","type":"page","link":"https:\/\/apan.pt\/academia\/sobre-a-academia\/formacoes-tailor-made\/","title":{"rendered":"Forma\u00e7\u00f5es Tailor Made"},"content":{"rendered":"","protected":false},"excerpt":{"rendered":"","protected":false},"author":1,"featured_media":0,"parent":1122,"menu_order":0,"comment_status":"closed","ping_status":"closed","template":"","meta":{"_monsterinsights_skip_tracking":false,"_monsterinsights_sitenote_active":false,"_monsterinsights_sitenote_note":"","_monsterinsights_sitenote_category":0},"yoast_head":"<!-- This site is optimized with the Yoast SEO plugin v19.12 - https:\/\/yoast.com\/wordpress\/plugins\/seo\/ -->\n<title>Forma\u00e7\u00f5es Tailor Made - Academia APAN - Marketing Digital e Comunica\u00e7\u00e3o<\/title>\n<meta name=\"description\" content=\"A forma\u00e7\u00e3o In-house da Academia APAN possibilita ajustar qualquer um dos programas de forma\u00e7\u00e3o existentes \u00e0 realidade das organiza\u00e7\u00f5es.\" \/>\n<meta name=\"robots\" content=\"index, follow, max-snippet:-1, max-image-preview:large, max-video-preview:-1\" \/>\n<link rel=\"canonical\" href=\"https:\/\/apan.pt\/academia\/sobre-a-academia\/formacoes-tailor-made\/\" \/>\n<meta property=\"og:locale\" content=\"pt_PT\" \/>\n<meta property=\"og:type\" content=\"article\" \/>\n<meta property=\"og:title\" content=\"Forma\u00e7\u00f5es Tailor Made - Academia APAN - Marketing Digital e Comunica\u00e7\u00e3o\" \/>\n<meta property=\"og:description\" content=\"A forma\u00e7\u00e3o In-house da Academia APAN possibilita ajustar qualquer um dos programas de forma\u00e7\u00e3o existentes \u00e0 realidade das organiza\u00e7\u00f5es.\" \/>\n<meta property=\"og:url\" content=\"https:\/\/apan.pt\/academia\/sobre-a-academia\/formacoes-tailor-made\/\" \/>\n<meta property=\"og:site_name\" content=\"Academia APAN\" \/>\n<meta property=\"article:publisher\" content=\"https:\/\/www.facebook.com\/academiaapan\/?epa=SEARCH_BOX\" \/>\n<meta property=\"article:modified_time\" content=\"2026-03-10T11:41:21+00:00\" \/>\n<meta name=\"twitter:card\" content=\"summary_large_image\" \/>\n<script type=\"application\/ld+json\" class=\"yoast-schema-graph\">{\"@context\":\"https:\/\/schema.org\",\"@graph\":[{\"@type\":\"WebPage\",\"@id\":\"https:\/\/apan.pt\/academia\/sobre-a-academia\/formacoes-tailor-made\/\",\"url\":\"https:\/\/apan.pt\/academia\/sobre-a-academia\/formacoes-tailor-made\/\",\"name\":\"Forma\u00e7\u00f5es Tailor Made - Academia APAN - Marketing Digital e Comunica\u00e7\u00e3o\",\"isPartOf\":{\"@id\":\"https:\/\/apan.pt\/academia\/#website\"},\"datePublished\":\"2017-03-26T18:01:41+00:00\",\"dateModified\":\"2026-03-10T11:41:21+00:00\",\"description\":\"A forma\u00e7\u00e3o In-house da Academia APAN possibilita ajustar qualquer um dos programas de forma\u00e7\u00e3o existentes \u00e0 realidade das organiza\u00e7\u00f5es.\",\"breadcrumb\":{\"@id\":\"https:\/\/apan.pt\/academia\/sobre-a-academia\/formacoes-tailor-made\/#breadcrumb\"},\"inLanguage\":\"pt-PT\",\"potentialAction\":[{\"@type\":\"ReadAction\",\"target\":[\"https:\/\/apan.pt\/academia\/sobre-a-academia\/formacoes-tailor-made\/\"]}]},{\"@type\":\"BreadcrumbList\",\"@id\":\"https:\/\/apan.pt\/academia\/sobre-a-academia\/formacoes-tailor-made\/#breadcrumb\",\"itemListElement\":[{\"@type\":\"ListItem\",\"position\":1,\"name\":\"In\u00edcio\",\"item\":\"https:\/\/apan.pt\/academia\/\"},{\"@type\":\"ListItem\",\"position\":2,\"name\":\"Sobre a Academia\",\"item\":\"https:\/\/apan.pt\/academia\/sobre-a-academia\/\"},{\"@type\":\"ListItem\",\"position\":3,\"name\":\"Forma\u00e7\u00f5es Tailor Made\"}]},{\"@type\":\"WebSite\",\"@id\":\"https:\/\/apan.pt\/academia\/#website\",\"url\":\"https:\/\/apan.pt\/academia\/\",\"name\":\"Academia APAN\",\"description\":\"Ensina quem sabe\",\"potentialAction\":[{\"@type\":\"SearchAction\",\"target\":{\"@type\":\"EntryPoint\",\"urlTemplate\":\"https:\/\/apan.pt\/academia\/?s={search_term_string}\"},\"query-input\":\"required name=search_term_string\"}],\"inLanguage\":\"pt-PT\"}]}<\/script>\n<!-- \/ Yoast SEO plugin. -->","yoast_head_json":{"title":"Forma\u00e7\u00f5es Tailor Made - Academia APAN - Marketing Digital e Comunica\u00e7\u00e3o","description":"A forma\u00e7\u00e3o In-house da Academia APAN possibilita ajustar qualquer um dos programas de forma\u00e7\u00e3o existentes \u00e0 realidade das organiza\u00e7\u00f5es.","robots":{"index":"index","follow":"follow","max-snippet":"max-snippet:-1","max-image-preview":"max-image-preview:large","max-video-preview":"max-video-preview:-1"},"canonical":"https:\/\/apan.pt\/academia\/sobre-a-academia\/formacoes-tailor-made\/","og_locale":"pt_PT","og_type":"article","og_title":"Forma\u00e7\u00f5es Tailor Made - Academia APAN - Marketing Digital e Comunica\u00e7\u00e3o","og_description":"A forma\u00e7\u00e3o In-house da Academia APAN possibilita ajustar qualquer um dos programas de forma\u00e7\u00e3o existentes \u00e0 realidade das organiza\u00e7\u00f5es.","og_url":"https:\/\/apan.pt\/academia\/sobre-a-academia\/formacoes-tailor-made\/","og_site_name":"Academia APAN","article_publisher":"https:\/\/www.facebook.com\/academiaapan\/?epa=SEARCH_BOX","article_modified_time":"2026-03-10T11:41:21+00:00","twitter_card":"summary_large_image","schema":{"@context":"https:\/\/schema.org","@graph":[{"@type":"WebPage","@id":"https:\/\/apan.pt\/academia\/sobre-a-academia\/formacoes-tailor-made\/","url":"https:\/\/apan.pt\/academia\/sobre-a-academia\/formacoes-tailor-made\/","name":"Forma\u00e7\u00f5es Tailor Made - Academia APAN - Marketing Digital e Comunica\u00e7\u00e3o","isPartOf":{"@id":"https:\/\/apan.pt\/academia\/#website"},"datePublished":"2017-03-26T18:01:41+00:00","dateModified":"2026-03-10T11:41:21+00:00","description":"A forma\u00e7\u00e3o In-house da Academia APAN possibilita ajustar qualquer um dos programas de forma\u00e7\u00e3o existentes \u00e0 realidade das organiza\u00e7\u00f5es.","breadcrumb":{"@id":"https:\/\/apan.pt\/academia\/sobre-a-academia\/formacoes-tailor-made\/#breadcrumb"},"inLanguage":"pt-PT","potentialAction":[{"@type":"ReadAction","target":["https:\/\/apan.pt\/academia\/sobre-a-academia\/formacoes-tailor-made\/"]}]},{"@type":"BreadcrumbList","@id":"https:\/\/apan.pt\/academia\/sobre-a-academia\/formacoes-tailor-made\/#breadcrumb","itemListElement":[{"@type":"ListItem","position":1,"name":"In\u00edcio","item":"https:\/\/apan.pt\/academia\/"},{"@type":"ListItem","position":2,"name":"Sobre a Academia","item":"https:\/\/apan.pt\/academia\/sobre-a-academia\/"},{"@type":"ListItem","position":3,"name":"Forma\u00e7\u00f5es Tailor Made"}]},{"@type":"WebSite","@id":"https:\/\/apan.pt\/academia\/#website","url":"https:\/\/apan.pt\/academia\/","name":"Academia APAN","description":"Ensina quem sabe","potentialAction":[{"@type":"SearchAction","target":{"@type":"EntryPoint","urlTemplate":"https:\/\/apan.pt\/academia\/?s={search_term_string}"},"query-input":"required name=search_term_string"}],"inLanguage":"pt-PT"}]}},"_links":{"self":[{"href":"https:\/\/apan.pt\/academia\/wp-json\/wp\/v2\/pages\/5269"}],"collection":[{"href":"https:\/\/apan.pt\/academia\/wp-json\/wp\/v2\/pages"}],"about":[{"href":"https:\/\/apan.pt\/academia\/wp-json\/wp\/v2\/types\/page"}],"author":[{"embeddable":true,"href":"https:\/\/apan.pt\/academia\/wp-json\/wp\/v2\/users\/1"}],"replies":[{"embeddable":true,"href":"https:\/\/apan.pt\/academia\/wp-json\/wp\/v2\/comments?post=5269"}],"version-history":[{"count":12,"href":"https:\/\/apan.pt\/academia\/wp-json\/wp\/v2\/pages\/5269\/revisions"}],"predecessor-version":[{"id":11729,"href":"https:\/\/apan.pt\/academia\/wp-json\/wp\/v2\/pages\/5269\/revisions\/11729"}],"up":[{"embeddable":true,"href":"https:\/\/apan.pt\/academia\/wp-json\/wp\/v2\/pages\/1122"}],"wp:attachment":[{"href":"https:\/\/apan.pt\/academia\/wp-json\/wp\/v2\/media?parent=5269"}],"curies":[{"name":"wp","href":"https:\/\/api.w.org\/{rel}","templated":true}]}}