{"id":6502,"date":"2018-11-02T14:41:54","date_gmt":"2018-11-02T14:41:54","guid":{"rendered":"https:\/\/apan.pt\/academia\/?page_id=6502"},"modified":"2024-12-10T12:40:03","modified_gmt":"2024-12-10T12:40:03","slug":"politica-de-cookies","status":"publish","type":"page","link":"https:\/\/apan.pt\/academia\/politica-de-cookies\/","title":{"rendered":"Pol\u00edtica de Cookies"},"content":{"rendered":"<div class=\"l-main\">\n<div class=\"l-main-h i-cf\">\n<section class=\"l-section\">\n<div class=\"l-section-h i-cf\">\n<p>Os cookies s\u00e3o pequenos ficheiros de texto guardados no dispositivo de um utilizador aquando da visita a determinados websites. Em visitas subsequentes, o ficheiro \u00e9 enviado de volta para o website que o originou permitindo assim identificar as prefer\u00eancias de um utilizador. O uso de cookies \u00e9 hoje pr\u00e1tica comum na maioria dos websites, nomeadamente desde o aumento do com\u00e9rcio eletr\u00f3nico.<\/p>\n<p>Neste website, quando autorizado pelo utilizador, utilizamos os seguintes cookies:<\/p>\n<p>Cookies de sess\u00e3o \u2013 permitem-nos processar pedidos dos utilizadores, nomeadamente solicita\u00e7\u00f5es de produto adicionados ao \u201ccarrinho\u201d de amostras. Sem estes cookies os pedidos n\u00e3o poder\u00e3o ser processados.<\/p>\n<p>Cookies de personaliza\u00e7\u00e3o \u2013 permitem-nos relembrar as prefer\u00eancias do utilizador relativamente \u00e0 sua localiza\u00e7\u00e3o\/l\u00edngua. Assim, em visitas subsequentes o utilizador n\u00e3o ter\u00e1 que estar sempre a selecionar essas op\u00e7\u00f5es, tornando a visita mais f\u00e1cil.<\/p>\n<p>Cookies de estat\u00edsticas \u2013 permitem-nos compreender, atrav\u00e9s da recolha de estat\u00edsticas de utiliza\u00e7\u00e3o, como os utilizadores navegam no nosso website e como podemos melhorar a sua experi\u00eancia e as funcionalidades do website. Utilizamos o Google Analytics, um dos mais utilizados e confi\u00e1veis servi\u00e7os de estat\u00edsticas, para nos ajudar a recolher essa informa\u00e7\u00e3o. A informa\u00e7\u00e3o recolhida, como p\u00e1ginas visitadas ou tempo passado no website, n\u00e3o permite identificar utilizadores espec\u00edficos dado que as visitas s\u00e3o an\u00f3nimas.<\/p>\n<p>Para qualquer quest\u00e3o sobre privacidade ou cookies por favor contacte-nos atrav\u00e9s do email <a href=\"mailto:apan@apan.pt\">apan@apan.pt<\/a><\/p>\n<\/div>\n<\/section>\n<\/div>\n<\/div>\n","protected":false},"excerpt":{"rendered":"<p>Os cookies s\u00e3o pequenos ficheiros de texto guardados no dispositivo de um utilizador aquando da visita a determinados websites. Em visitas subsequentes, o ficheiro \u00e9 enviado de volta para o website que o originou permitindo assim identificar as prefer\u00eancias de um utilizador. O uso de cookies \u00e9 hoje pr\u00e1tica comum na maioria dos websites, nomeadamente&#8230; <\/p>\n<div class=\"clear\"><\/div>\n<p><a href=\"https:\/\/apan.pt\/academia\/politica-de-cookies\/\" class=\"gdlr-button with-border excerpt-read-more\">Ler Mais<\/a><\/p>\n","protected":false},"author":1,"featured_media":0,"parent":0,"menu_order":0,"comment_status":"closed","ping_status":"closed","template":"","meta":{"_monsterinsights_skip_tracking":false,"_monsterinsights_sitenote_active":false,"_monsterinsights_sitenote_note":"","_monsterinsights_sitenote_category":0},"yoast_head":"<!-- This site is optimized with the Yoast SEO plugin v19.12 - https:\/\/yoast.com\/wordpress\/plugins\/seo\/ -->\n<title>Pol\u00edtica de Cookies - Academia APAN<\/title>\n<meta name=\"robots\" content=\"index, follow, max-snippet:-1, max-image-preview:large, max-video-preview:-1\" \/>\n<link rel=\"canonical\" href=\"https:\/\/apan.pt\/academia\/politica-de-cookies\/\" \/>\n<meta property=\"og:locale\" content=\"pt_PT\" \/>\n<meta property=\"og:type\" content=\"article\" \/>\n<meta property=\"og:title\" content=\"Pol\u00edtica de Cookies - Academia APAN\" \/>\n<meta property=\"og:description\" content=\"Os cookies s\u00e3o pequenos ficheiros de texto guardados no dispositivo de um utilizador aquando da visita a determinados websites. Em visitas subsequentes, o ficheiro \u00e9 enviado de volta para o website que o originou permitindo assim identificar as prefer\u00eancias de um utilizador. O uso de cookies \u00e9 hoje pr\u00e1tica comum na maioria dos websites, nomeadamente... Ler Mais\" \/>\n<meta property=\"og:url\" content=\"https:\/\/apan.pt\/academia\/politica-de-cookies\/\" \/>\n<meta property=\"og:site_name\" content=\"Academia APAN\" \/>\n<meta property=\"article:publisher\" content=\"https:\/\/www.facebook.com\/academiaapan\/?epa=SEARCH_BOX\" \/>\n<meta property=\"article:modified_time\" content=\"2024-12-10T12:40:03+00:00\" \/>\n<meta name=\"twitter:card\" content=\"summary_large_image\" \/>\n<meta name=\"twitter:label1\" content=\"Tempo estimado de leitura\" \/>\n\t<meta name=\"twitter:data1\" content=\"2 minutos\" \/>\n<script type=\"application\/ld+json\" class=\"yoast-schema-graph\">{\"@context\":\"https:\/\/schema.org\",\"@graph\":[{\"@type\":\"WebPage\",\"@id\":\"https:\/\/apan.pt\/academia\/politica-de-cookies\/\",\"url\":\"https:\/\/apan.pt\/academia\/politica-de-cookies\/\",\"name\":\"Pol\u00edtica de Cookies - Academia APAN\",\"isPartOf\":{\"@id\":\"https:\/\/apan.pt\/academia\/#website\"},\"datePublished\":\"2018-11-02T14:41:54+00:00\",\"dateModified\":\"2024-12-10T12:40:03+00:00\",\"breadcrumb\":{\"@id\":\"https:\/\/apan.pt\/academia\/politica-de-cookies\/#breadcrumb\"},\"inLanguage\":\"pt-PT\",\"potentialAction\":[{\"@type\":\"ReadAction\",\"target\":[\"https:\/\/apan.pt\/academia\/politica-de-cookies\/\"]}]},{\"@type\":\"BreadcrumbList\",\"@id\":\"https:\/\/apan.pt\/academia\/politica-de-cookies\/#breadcrumb\",\"itemListElement\":[{\"@type\":\"ListItem\",\"position\":1,\"name\":\"In\u00edcio\",\"item\":\"https:\/\/apan.pt\/academia\/\"},{\"@type\":\"ListItem\",\"position\":2,\"name\":\"Pol\u00edtica de Cookies\"}]},{\"@type\":\"WebSite\",\"@id\":\"https:\/\/apan.pt\/academia\/#website\",\"url\":\"https:\/\/apan.pt\/academia\/\",\"name\":\"Academia APAN\",\"description\":\"Ensina quem sabe\",\"potentialAction\":[{\"@type\":\"SearchAction\",\"target\":{\"@type\":\"EntryPoint\",\"urlTemplate\":\"https:\/\/apan.pt\/academia\/?s={search_term_string}\"},\"query-input\":\"required name=search_term_string\"}],\"inLanguage\":\"pt-PT\"}]}<\/script>\n<!-- \/ Yoast SEO plugin. -->","yoast_head_json":{"title":"Pol\u00edtica de Cookies - Academia APAN","robots":{"index":"index","follow":"follow","max-snippet":"max-snippet:-1","max-image-preview":"max-image-preview:large","max-video-preview":"max-video-preview:-1"},"canonical":"https:\/\/apan.pt\/academia\/politica-de-cookies\/","og_locale":"pt_PT","og_type":"article","og_title":"Pol\u00edtica de Cookies - Academia APAN","og_description":"Os cookies s\u00e3o pequenos ficheiros de texto guardados no dispositivo de um utilizador aquando da visita a determinados websites. Em visitas subsequentes, o ficheiro \u00e9 enviado de volta para o website que o originou permitindo assim identificar as prefer\u00eancias de um utilizador. O uso de cookies \u00e9 hoje pr\u00e1tica comum na maioria dos websites, nomeadamente... Ler Mais","og_url":"https:\/\/apan.pt\/academia\/politica-de-cookies\/","og_site_name":"Academia APAN","article_publisher":"https:\/\/www.facebook.com\/academiaapan\/?epa=SEARCH_BOX","article_modified_time":"2024-12-10T12:40:03+00:00","twitter_card":"summary_large_image","twitter_misc":{"Tempo estimado de leitura":"2 minutos"},"schema":{"@context":"https:\/\/schema.org","@graph":[{"@type":"WebPage","@id":"https:\/\/apan.pt\/academia\/politica-de-cookies\/","url":"https:\/\/apan.pt\/academia\/politica-de-cookies\/","name":"Pol\u00edtica de Cookies - Academia APAN","isPartOf":{"@id":"https:\/\/apan.pt\/academia\/#website"},"datePublished":"2018-11-02T14:41:54+00:00","dateModified":"2024-12-10T12:40:03+00:00","breadcrumb":{"@id":"https:\/\/apan.pt\/academia\/politica-de-cookies\/#breadcrumb"},"inLanguage":"pt-PT","potentialAction":[{"@type":"ReadAction","target":["https:\/\/apan.pt\/academia\/politica-de-cookies\/"]}]},{"@type":"BreadcrumbList","@id":"https:\/\/apan.pt\/academia\/politica-de-cookies\/#breadcrumb","itemListElement":[{"@type":"ListItem","position":1,"name":"In\u00edcio","item":"https:\/\/apan.pt\/academia\/"},{"@type":"ListItem","position":2,"name":"Pol\u00edtica de Cookies"}]},{"@type":"WebSite","@id":"https:\/\/apan.pt\/academia\/#website","url":"https:\/\/apan.pt\/academia\/","name":"Academia APAN","description":"Ensina quem sabe","potentialAction":[{"@type":"SearchAction","target":{"@type":"EntryPoint","urlTemplate":"https:\/\/apan.pt\/academia\/?s={search_term_string}"},"query-input":"required name=search_term_string"}],"inLanguage":"pt-PT"}]}},"_links":{"self":[{"href":"https:\/\/apan.pt\/academia\/wp-json\/wp\/v2\/pages\/6502"}],"collection":[{"href":"https:\/\/apan.pt\/academia\/wp-json\/wp\/v2\/pages"}],"about":[{"href":"https:\/\/apan.pt\/academia\/wp-json\/wp\/v2\/types\/page"}],"author":[{"embeddable":true,"href":"https:\/\/apan.pt\/academia\/wp-json\/wp\/v2\/users\/1"}],"replies":[{"embeddable":true,"href":"https:\/\/apan.pt\/academia\/wp-json\/wp\/v2\/comments?post=6502"}],"version-history":[{"count":2,"href":"https:\/\/apan.pt\/academia\/wp-json\/wp\/v2\/pages\/6502\/revisions"}],"predecessor-version":[{"id":10946,"href":"https:\/\/apan.pt\/academia\/wp-json\/wp\/v2\/pages\/6502\/revisions\/10946"}],"wp:attachment":[{"href":"https:\/\/apan.pt\/academia\/wp-json\/wp\/v2\/media?parent=6502"}],"curies":[{"name":"wp","href":"https:\/\/api.w.org\/{rel}","templated":true}]}}