{"id":2803,"date":"2015-11-06T09:57:21","date_gmt":"2015-11-06T09:57:21","guid":{"rendered":"http:\/\/demo.thimpress.com\/eduma\/?page_id=2803"},"modified":"2024-11-26T11:56:57","modified_gmt":"2024-11-26T11:56:57","slug":"media-smart","status":"publish","type":"page","link":"https:\/\/apan.pt\/mediasmart\/","title":{"rendered":"Media Smart"},"content":{"rendered":"<section class=\"l-section wpb_row height_auto width_full\"><div class=\"l-section-h i-cf\"><div class=\"g-cols vc_row via_flex valign_top type_default stacking_default\"><div class=\"vc_col-sm-12 wpb_column vc_column_container\"><div class=\"vc_column-inner\"><div class=\"wpb_wrapper\">[rev_slider_vc alias=&#8221;home-page-video&#8221;]<\/div><\/div><\/div><\/div><\/div><\/section><section class=\"l-section wpb_row height_auto width_full\"><div class=\"l-section-overlay\" style=\"background:#f9a02c\"><\/div><div class=\"l-section-h i-cf\"><div class=\"g-cols vc_row via_flex valign_top type_default stacking_default\"><div class=\"vc_col-sm-12 wpb_column vc_column_container\"><div class=\"vc_column-inner\"><div class=\"wpb_wrapper\"><div class=\"w-separator size_custom\" style=\"height:20px\"><\/div><div class=\"w-actionbox color_primary controls_right\"><div class=\"w-actionbox-text\"><h2 class=\"w-actionbox-title\">Porque existe o Media Smart?<\/h2><div class=\"w-actionbox-description\"><p>Acima de tudo para educar e instruir um p\u00fablico mais jovem para estarem mais atentos \u00e0s mensagens dos an\u00fancios.<\/p>\n<\/div><\/div><div class=\"w-actionbox-controls\"><a class=\"w-btn us-btn-style_1\" href=\"\/mediasmart\/porque\/\" style=\"font-size:px;\"><span class=\"w-btn-label\">Saiba Porqu\u00ea<\/span><\/a><\/div><\/div><div class=\"w-separator size_custom\" style=\"height:20px\"><\/div><\/div><\/div><\/div><\/div><\/div><\/section><section class=\"l-section wpb_row height_auto width_full\"><div class=\"l-section-h i-cf\"><div class=\"g-cols vc_row via_flex valign_top type_default stacking_default\"><div class=\"vc_col-sm-6 wpb_column vc_column_container\"><div class=\"vc_column-inner\"><div class=\"wpb_wrapper\"><div class=\"w-image align_none us_animate_afl\" style=\"animation-delay:0.2s\"><div class=\"w-image-h\"><img width=\"1280\" height=\"853\" src=\"https:\/\/apan.pt\/mediasmart\/wp-content\/uploads\/2015\/11\/meninas.jpg\" class=\"attachment-full size-full\" alt=\"\" decoding=\"async\" loading=\"lazy\" srcset=\"https:\/\/apan.pt\/mediasmart\/wp-content\/uploads\/2015\/11\/meninas.jpg 1280w, https:\/\/apan.pt\/mediasmart\/wp-content\/uploads\/2015\/11\/meninas-300x200.jpg 300w, https:\/\/apan.pt\/mediasmart\/wp-content\/uploads\/2015\/11\/meninas-768x512.jpg 768w, https:\/\/apan.pt\/mediasmart\/wp-content\/uploads\/2015\/11\/meninas-1024x682.jpg 1024w, https:\/\/apan.pt\/mediasmart\/wp-content\/uploads\/2015\/11\/meninas-272x182.jpg 272w\" sizes=\"(max-width: 1280px) 100vw, 1280px\" \/><\/div><\/div><\/div><\/div><\/div><div class=\"vc_col-sm-6 wpb_column vc_column_container\"><div class=\"vc_column-inner\"><div class=\"wpb_wrapper\"><div class=\"g-cols wpb_row via_flex valign_top type_default stacking_default\"><div class=\"vc_col-sm-12 wpb_column vc_column_container\"><div class=\"vc_column-inner\"><div class=\"wpb_wrapper\"><div class=\"w-separator size_custom\" style=\"height:40px\"><\/div><div class=\"w-actionbox us_custom_4fb9e5a3 color_light controls_bottom\"><div class=\"w-actionbox-text\"><h3 class=\"w-actionbox-title\">Destinado a crian\u00e7as entre os 7 e os 11 anos de idade<\/h3><div class=\"w-actionbox-description\"><p>O Media Smart \u00e9 um programa sem fins lucrativos de literacia sobre a publicidade nos diversos media (meios de comunica\u00e7\u00e3o social).<\/p>\n<\/div><\/div><div class=\"w-actionbox-controls\"><a class=\"w-btn us-btn-style_1\" href=\"\/mediasmart\/programa\" style=\"font-size:px;\"><span class=\"w-btn-label\">Saber Mais<\/span><\/a><\/div><\/div><\/div><\/div><\/div><\/div><\/div><\/div><\/div><\/div><\/div><\/section><section class=\"l-section wpb_row height_medium with_img parallax_ver\"><div class=\"l-section-img\" style=\"background-image: url(https:\/\/apan.pt\/mediasmart\/wp-content\/uploads\/2016\/05\/familia_escuro.jpg);background-repeat: no-repeat;\" data-img-width=\"1200\" data-img-height=\"631\"><\/div><div class=\"l-section-h i-cf\"><div class=\"g-cols vc_row via_flex valign_middle type_default stacking_default\"><div class=\"vc_col-sm-12 wpb_column vc_column_container\"><div class=\"vc_column-inner\"><div class=\"wpb_wrapper\"><div class=\"w-separator size_custom\" style=\"height:20px\"><\/div><div class=\"wpb_text_column\"><div class=\"wpb_wrapper\"><h4 style=\"text-align: center;\"><span style=\"color: #ffffff;\">Os media desempenham hoje um papel muito importante nas vidas das crian\u00e7as; elas v\u00eam programas e an\u00fancios televisivos, cartazes de rua, revistas e jornais, v\u00eddeos e DVD\u2019s, t\u00eam telem\u00f3veis e acedem \u00e0 Internet.<\/span><\/h4>\n<h4 style=\"text-align: center;\"><span style=\"color: #ffffff;\">Ainda que nem todas as mensagens lhes sejam dirigidas, as crian\u00e7as dever\u00e3o ser capaz de as interpretar para que a sua resposta possa resultar em escolhas informadas. \u00c0 medida que a crian\u00e7a vai crescendo, vai tamb\u00e9m refinando essas capacidades, utilizando-as de diversas formas, quer enquanto indiv\u00edduo quer enquanto consumidor.<\/span><\/h4>\n<\/div><\/div><div class=\"w-separator size_custom\" style=\"height:20px\"><\/div><\/div><\/div><\/div><\/div><\/div><\/section>\n","protected":false},"excerpt":{"rendered":"[rev_slider_vc alias=\"home-page-video\"]Porque existe o Media Smart?Acima de tudo para educar e instruir um p\u00fablico mais jovem para estarem mais atentos \u00e0s mensagens dos an\u00fancios. Saiba Porqu\u00eaDestinado a crian\u00e7as entre os 7 e os 11 anos de idadeO Media Smart \u00e9 um programa sem fins lucrativos de literacia sobre a publicidade nos diversos media (meios de...","protected":false},"author":1,"featured_media":7236,"parent":0,"menu_order":0,"comment_status":"closed","ping_status":"closed","template":"","meta":{"_monsterinsights_skip_tracking":false,"_monsterinsights_sitenote_active":false,"_monsterinsights_sitenote_note":"","_monsterinsights_sitenote_category":0},"_links":{"self":[{"href":"https:\/\/apan.pt\/mediasmart\/wp-json\/wp\/v2\/pages\/2803"}],"collection":[{"href":"https:\/\/apan.pt\/mediasmart\/wp-json\/wp\/v2\/pages"}],"about":[{"href":"https:\/\/apan.pt\/mediasmart\/wp-json\/wp\/v2\/types\/page"}],"author":[{"embeddable":true,"href":"https:\/\/apan.pt\/mediasmart\/wp-json\/wp\/v2\/users\/1"}],"replies":[{"embeddable":true,"href":"https:\/\/apan.pt\/mediasmart\/wp-json\/wp\/v2\/comments?post=2803"}],"version-history":[{"count":83,"href":"https:\/\/apan.pt\/mediasmart\/wp-json\/wp\/v2\/pages\/2803\/revisions"}],"predecessor-version":[{"id":7373,"href":"https:\/\/apan.pt\/mediasmart\/wp-json\/wp\/v2\/pages\/2803\/revisions\/7373"}],"wp:featuredmedia":[{"embeddable":true,"href":"https:\/\/apan.pt\/mediasmart\/wp-json\/wp\/v2\/media\/7236"}],"wp:attachment":[{"href":"https:\/\/apan.pt\/mediasmart\/wp-json\/wp\/v2\/media?parent=2803"}],"curies":[{"name":"wp","href":"https:\/\/api.w.org\/{rel}","templated":true}]}}