{"id":5904,"date":"2016-05-20T15:38:16","date_gmt":"2016-05-20T15:38:16","guid":{"rendered":"http:\/\/mediasmart.mailayout.com\/?page_id=5904"},"modified":"2021-02-02T19:26:12","modified_gmt":"2021-02-02T19:26:12","slug":"media-literacia","status":"publish","type":"page","link":"https:\/\/apan.pt\/mediasmart\/media-smart\/media-literacia\/","title":{"rendered":"Media Literacia"},"content":{"rendered":"<section class=\"l-section wpb_row height_medium\"><div class=\"l-section-h i-cf\"><div class=\"g-cols vc_row via_flex valign_top type_default stacking_default\"><div class=\"vc_col-sm-8 wpb_column vc_column_container\"><div class=\"vc_column-inner\"><div class=\"wpb_wrapper\"><div class=\"wpb_text_column\"><div class=\"wpb_wrapper\"><p>Os princ\u00edpios chave da literacia em publicidade e nos media s\u00e3o preparar as crian\u00e7as para pensarem e interpretarem de forma cr\u00edtica aquilo que v\u00eaem, isto \u00e9, compreenderem porque gostam ou n\u00e3o de determinados programas ou estilos e relacionar essas prefer\u00eancias com pontos de refer\u00eancia morais ou intelectuais.<\/p>\n<\/div><\/div><div class=\"wpb_text_column\"><div class=\"wpb_wrapper\"><p>Nas sociedades modernas as crian\u00e7as crescem num ambiente saturado pelos media. S\u00e3o confrontadas diariamente por uma variedade de mensagens publicit\u00e1rias: outdoors, imprensa, r\u00e1dio, TV, internet, telem\u00f3veis, videogames, app\u2019s e redes sociais.<\/p>\n<p>O papel e o impacto que este complexo ambiente publicit\u00e1rio tem nas crian\u00e7as continua a ser amplamente debatido.<\/p>\n<p>Os investigadores consideram que a publicidade tem efeitos positivos nas crian\u00e7as, tais como o desenvolvimento lingu\u00edstico social e cognitivo originado pela rela\u00e7\u00e3o ativa que desenvolvem com os media. A sua familiaridade com as novas tecnologias \u00e9 destacado como um aspeto positivo.<\/p>\n<p>Por outro lado \u00e9 reconhecida, a preocupa\u00e7\u00e3o relativamente ao consumo de publicidade com conte\u00fados impr\u00f3prios para crian\u00e7as , nomeadamente de natureza sexual ou violenta. As mensagens de marketing potencialmente enganosas s\u00e3o tamb\u00e9m cada vez mais mencionadas como um perigo.<\/p>\n<p>Significa isto que a utiliza\u00e7\u00e3o dos media por parte das crian\u00e7as tem que ser controlada de forma eficaz. A natureza deste controle \u00e9 crucial , sendo desej\u00e1vel um equil\u00edbrio saud\u00e1vel entre a prote\u00e7\u00e3o das crian\u00e7as e o encorajamento do seu esp\u00edrito cr\u00edtico.<\/p>\n<\/div><\/div><\/div><\/div><\/div><div class=\"vc_col-sm-4 wpb_column vc_column_container\"><div class=\"vc_column-inner\"><div class=\"wpb_wrapper\">[vc_wp_custommenu nav_menu=&#8221;53&#8243;]<\/div><\/div><\/div><div class=\"vc_col-sm-12 wpb_column vc_column_container\"><div class=\"vc_column-inner\"><div class=\"wpb_wrapper\"><\/div><\/div><\/div><\/div><\/div><\/section>\n","protected":false},"excerpt":{"rendered":"Os princ\u00edpios chave da literacia em publicidade e nos media s\u00e3o preparar as crian\u00e7as para pensarem e interpretarem de forma cr\u00edtica aquilo que v\u00eaem, isto \u00e9, compreenderem porque gostam ou n\u00e3o de determinados programas ou estilos e relacionar essas prefer\u00eancias com pontos de refer\u00eancia morais ou intelectuais. Nas sociedades modernas as crian\u00e7as crescem num ambiente...","protected":false},"author":1,"featured_media":0,"parent":2803,"menu_order":0,"comment_status":"closed","ping_status":"closed","template":"","meta":{"_monsterinsights_skip_tracking":false,"_monsterinsights_sitenote_active":false,"_monsterinsights_sitenote_note":"","_monsterinsights_sitenote_category":0},"_links":{"self":[{"href":"https:\/\/apan.pt\/mediasmart\/wp-json\/wp\/v2\/pages\/5904"}],"collection":[{"href":"https:\/\/apan.pt\/mediasmart\/wp-json\/wp\/v2\/pages"}],"about":[{"href":"https:\/\/apan.pt\/mediasmart\/wp-json\/wp\/v2\/types\/page"}],"author":[{"embeddable":true,"href":"https:\/\/apan.pt\/mediasmart\/wp-json\/wp\/v2\/users\/1"}],"replies":[{"embeddable":true,"href":"https:\/\/apan.pt\/mediasmart\/wp-json\/wp\/v2\/comments?post=5904"}],"version-history":[{"count":27,"href":"https:\/\/apan.pt\/mediasmart\/wp-json\/wp\/v2\/pages\/5904\/revisions"}],"predecessor-version":[{"id":6861,"href":"https:\/\/apan.pt\/mediasmart\/wp-json\/wp\/v2\/pages\/5904\/revisions\/6861"}],"up":[{"embeddable":true,"href":"https:\/\/apan.pt\/mediasmart\/wp-json\/wp\/v2\/pages\/2803"}],"wp:attachment":[{"href":"https:\/\/apan.pt\/mediasmart\/wp-json\/wp\/v2\/media?parent=5904"}],"curies":[{"name":"wp","href":"https:\/\/api.w.org\/{rel}","templated":true}]}}