{"id":5993,"date":"2016-05-20T23:39:59","date_gmt":"2016-05-20T23:39:59","guid":{"rendered":"http:\/\/mediasmart.mailayout.com\/?page_id=5993"},"modified":"2021-02-02T19:23:02","modified_gmt":"2021-02-02T19:23:02","slug":"professores","status":"publish","type":"page","link":"https:\/\/apan.pt\/mediasmart\/professores\/","title":{"rendered":"Professores"},"content":{"rendered":"<section class=\"l-section wpb_row height_medium\"><div class=\"l-section-h i-cf\"><div class=\"g-cols vc_row via_flex valign_top type_default stacking_default\"><div class=\"vc_col-sm-8 wpb_column vc_column_container\"><div class=\"vc_column-inner\"><div class=\"wpb_wrapper\"><div class=\"wpb_text_column\"><div class=\"wpb_wrapper\"><p>O programa Media Smart \u00e9 composto por um conjunto de materiais pedag\u00f3gicos dirigidos a professores de forma a serem utilizados em contexto de sala de aula. Estes materiais resultaram da adapta\u00e7\u00e3o de recursos desenvolvidos e testados no Reino Unido e adaptados \u00e0 realidade Portuguesa com a dire\u00e7\u00e3o do Grupo de Peritos e a\u00a0 chancela da Dire\u00e7\u00e3o Geral de Educa\u00e7\u00e3o.<\/p>\n<p>Ele foi concebido de forma a desenvolver as capacidades dos alunos para ler e compreender, apresentar, discutir e escrever sobre an\u00fancios em papel e em imagem fixa e\/ou em movimento.<\/p>\n<p>Os recursos assentam em princ\u00edpios de aprendizagem ativa e em metodologias de investiga\u00e7\u00e3o-descoberta; a sua efic\u00e1cia depende sobretudo dos debates, dos trabalhos em grupo, das perguntas abertas e dos est\u00edmulos \u00e0 pr\u00e1tica da comunica\u00e7\u00e3o atrav\u00e9s dos diferentes meios. \u00c9 importante frisar que estes materiais s\u00e3o objetivos e partem do pressuposto de que a publicidade n\u00e3o \u00e9, intrinsecamente, nociva ou ben\u00e9fica.<\/p>\n<p>Muitos s\u00e3o os materiais dispon\u00edveis para utiliza\u00e7\u00e3o em contexto de sala de aula, abordado diferentes tem\u00e1ticas e especificidades associadas \u00e0 publicidade nos dias de hoje:<\/p>\n<ul>\n<li>Introdu\u00e7\u00e3o \u00e0 Publicidade<\/li>\n<li>M\u00f3dulo Digital<\/li>\n<li>Imagem Corporal e Auto-Estima<\/li>\n<\/ul>\n<\/div><\/div><\/div><\/div><\/div><div class=\"vc_col-sm-4 wpb_column vc_column_container\"><div class=\"vc_column-inner\"><div class=\"wpb_wrapper\">[vc_wp_custommenu nav_menu=&#8221;55&#8243;]<\/div><\/div><\/div><\/div><\/div><\/section>\n","protected":false},"excerpt":{"rendered":"O programa Media Smart \u00e9 composto por um conjunto de materiais pedag\u00f3gicos dirigidos a professores de forma a serem utilizados em contexto de sala de aula. Estes materiais resultaram da adapta\u00e7\u00e3o de recursos desenvolvidos e testados no Reino Unido e adaptados \u00e0 realidade Portuguesa com a dire\u00e7\u00e3o do Grupo de Peritos e a\u00a0 chancela da...","protected":false},"author":1,"featured_media":0,"parent":0,"menu_order":0,"comment_status":"closed","ping_status":"closed","template":"","meta":{"_monsterinsights_skip_tracking":false,"_monsterinsights_sitenote_active":false,"_monsterinsights_sitenote_note":"","_monsterinsights_sitenote_category":0},"_links":{"self":[{"href":"https:\/\/apan.pt\/mediasmart\/wp-json\/wp\/v2\/pages\/5993"}],"collection":[{"href":"https:\/\/apan.pt\/mediasmart\/wp-json\/wp\/v2\/pages"}],"about":[{"href":"https:\/\/apan.pt\/mediasmart\/wp-json\/wp\/v2\/types\/page"}],"author":[{"embeddable":true,"href":"https:\/\/apan.pt\/mediasmart\/wp-json\/wp\/v2\/users\/1"}],"replies":[{"embeddable":true,"href":"https:\/\/apan.pt\/mediasmart\/wp-json\/wp\/v2\/comments?post=5993"}],"version-history":[{"count":27,"href":"https:\/\/apan.pt\/mediasmart\/wp-json\/wp\/v2\/pages\/5993\/revisions"}],"predecessor-version":[{"id":6756,"href":"https:\/\/apan.pt\/mediasmart\/wp-json\/wp\/v2\/pages\/5993\/revisions\/6756"}],"wp:attachment":[{"href":"https:\/\/apan.pt\/mediasmart\/wp-json\/wp\/v2\/media?parent=5993"}],"curies":[{"name":"wp","href":"https:\/\/api.w.org\/{rel}","templated":true}]}}