{"id":6371,"date":"2016-05-30T13:24:17","date_gmt":"2016-05-30T13:24:17","guid":{"rendered":"http:\/\/mediasmart.mailayout.com\/?page_id=6371"},"modified":"2021-02-02T19:26:30","modified_gmt":"2021-02-02T19:26:30","slug":"pais","status":"publish","type":"page","link":"https:\/\/apan.pt\/mediasmart\/pais\/","title":{"rendered":"Pais"},"content":{"rendered":"<section class=\"l-section wpb_row height_medium\"><div class=\"l-section-h i-cf\"><div class=\"g-cols vc_row via_flex valign_top type_default stacking_default\"><div class=\"vc_col-sm-8 wpb_column vc_column_container\"><div class=\"vc_column-inner\"><div class=\"wpb_wrapper\"><div class=\"wpb_text_column\"><div class=\"wpb_wrapper\"><h3>O Poder dos Pais<\/h3>\n<p>\u00c9 globalmente reconhecido que a natureza comercial do mundo atual \u00e9 relevante na forma como as crian\u00e7as crescem e \u00e9 muito importante atualmente ter consci\u00eancia deste facto quando se constr\u00f3i uma fam\u00edlia.<\/p>\n<p>A publicidade e a promo\u00e7\u00e3o s\u00e3o as \u00e1reas mais vis\u00edveis deste mundo comercial. Ajudar as crian\u00e7as a compreender o que \u00e9 a publicidade, os seus objetivos e como \u00e9 que ela funciona \u00e9 vital para assegurar que as crian\u00e7as se tornem consumidores mais informados e mais cr\u00edticos.<\/p>\n<\/div><\/div><\/div><\/div><\/div><div class=\"vc_col-sm-4 wpb_column vc_column_container\"><div class=\"vc_column-inner\"><div class=\"wpb_wrapper\">[vc_wp_custommenu nav_menu=&#8221;56&#8243;]<\/div><\/div><\/div><\/div><\/div><\/section>\n","protected":false},"excerpt":{"rendered":"O Poder dos Pais \u00c9 globalmente reconhecido que a natureza comercial do mundo atual \u00e9 relevante na forma como as crian\u00e7as crescem e \u00e9 muito importante atualmente ter consci\u00eancia deste facto quando se constr\u00f3i uma fam\u00edlia. A publicidade e a promo\u00e7\u00e3o s\u00e3o as \u00e1reas mais vis\u00edveis deste mundo comercial. Ajudar as crian\u00e7as a compreender o...","protected":false},"author":1,"featured_media":0,"parent":0,"menu_order":0,"comment_status":"closed","ping_status":"closed","template":"","meta":{"_monsterinsights_skip_tracking":false,"_monsterinsights_sitenote_active":false,"_monsterinsights_sitenote_note":"","_monsterinsights_sitenote_category":0},"_links":{"self":[{"href":"https:\/\/apan.pt\/mediasmart\/wp-json\/wp\/v2\/pages\/6371"}],"collection":[{"href":"https:\/\/apan.pt\/mediasmart\/wp-json\/wp\/v2\/pages"}],"about":[{"href":"https:\/\/apan.pt\/mediasmart\/wp-json\/wp\/v2\/types\/page"}],"author":[{"embeddable":true,"href":"https:\/\/apan.pt\/mediasmart\/wp-json\/wp\/v2\/users\/1"}],"replies":[{"embeddable":true,"href":"https:\/\/apan.pt\/mediasmart\/wp-json\/wp\/v2\/comments?post=6371"}],"version-history":[{"count":26,"href":"https:\/\/apan.pt\/mediasmart\/wp-json\/wp\/v2\/pages\/6371\/revisions"}],"predecessor-version":[{"id":6944,"href":"https:\/\/apan.pt\/mediasmart\/wp-json\/wp\/v2\/pages\/6371\/revisions\/6944"}],"wp:attachment":[{"href":"https:\/\/apan.pt\/mediasmart\/wp-json\/wp\/v2\/media?parent=6371"}],"curies":[{"name":"wp","href":"https:\/\/api.w.org\/{rel}","templated":true}]}}