{"id":6470,"date":"2016-06-03T18:01:20","date_gmt":"2016-06-03T18:01:20","guid":{"rendered":"http:\/\/mediasmart.mailayout.com\/?page_id=6470"},"modified":"2016-06-19T17:15:40","modified_gmt":"2016-06-19T17:15:40","slug":"termos-e-condicoes","status":"publish","type":"page","link":"https:\/\/apan.pt\/mediasmart\/termos-e-condicoes\/","title":{"rendered":"Termos e Condi\u00e7\u00f5es"},"content":{"rendered":"<p>Ao aceitar os Termos e Condi\u00e7\u00f5es neste website, o Utilizador desde j\u00e1 consente na recolha e tratamento inform\u00e1tico dos seus dados, autorizando que os mesmos sejam inseridos e conservados, pelo tempo necess\u00e1rio, numa base apropriada. O respons\u00e1vel pelo tratamento dos dados \u00e9 a APAN \u2013 Associa\u00e7\u00e3o Portuguesa de Anunciantes.<\/p>\n","protected":false},"excerpt":{"rendered":"<p>Ao aceitar os Termos e Condi\u00e7\u00f5es neste website, o Utilizador desde j\u00e1 consente na recolha e tratamento inform\u00e1tico dos seus dados, autorizando que os mesmos sejam inseridos e conservados, pelo tempo necess\u00e1rio, numa base apropriada. O respons\u00e1vel pelo tratamento dos dados \u00e9 a APAN \u2013 Associa\u00e7\u00e3o Portuguesa de Anunciantes.<\/p>\n","protected":false},"author":1,"featured_media":0,"parent":0,"menu_order":0,"comment_status":"closed","ping_status":"closed","template":"","meta":{"_monsterinsights_skip_tracking":false,"_monsterinsights_sitenote_active":false,"_monsterinsights_sitenote_note":"","_monsterinsights_sitenote_category":0},"_links":{"self":[{"href":"https:\/\/apan.pt\/mediasmart\/wp-json\/wp\/v2\/pages\/6470"}],"collection":[{"href":"https:\/\/apan.pt\/mediasmart\/wp-json\/wp\/v2\/pages"}],"about":[{"href":"https:\/\/apan.pt\/mediasmart\/wp-json\/wp\/v2\/types\/page"}],"author":[{"embeddable":true,"href":"https:\/\/apan.pt\/mediasmart\/wp-json\/wp\/v2\/users\/1"}],"replies":[{"embeddable":true,"href":"https:\/\/apan.pt\/mediasmart\/wp-json\/wp\/v2\/comments?post=6470"}],"version-history":[{"count":3,"href":"https:\/\/apan.pt\/mediasmart\/wp-json\/wp\/v2\/pages\/6470\/revisions"}],"predecessor-version":[{"id":6603,"href":"https:\/\/apan.pt\/mediasmart\/wp-json\/wp\/v2\/pages\/6470\/revisions\/6603"}],"wp:attachment":[{"href":"https:\/\/apan.pt\/mediasmart\/wp-json\/wp\/v2\/media?parent=6470"}],"curies":[{"name":"wp","href":"https:\/\/api.w.org\/{rel}","templated":true}]}}