{"id":6472,"date":"2016-06-03T18:02:01","date_gmt":"2016-06-03T18:02:01","guid":{"rendered":"http:\/\/mediasmart.mailayout.com\/?page_id=6472"},"modified":"2021-02-02T19:26:54","modified_gmt":"2021-02-02T19:26:54","slug":"politica-de-privacidade","status":"publish","type":"page","link":"https:\/\/apan.pt\/mediasmart\/politica-de-privacidade\/","title":{"rendered":"Pol\u00edtica de Privacidade"},"content":{"rendered":"<p>\u00c9 compromisso da <strong>APAN \u2013 Associa\u00e7\u00e3o Portuguesa de Anunciantes<\/strong> respeitar a privacidade dos utilizadores, bem como a prote\u00e7\u00e3o e seguran\u00e7a dos seus dados pessoais. Para isso, iremos demonstrar de que forma se recolhe, trata e protege os dados pessoais que nos s\u00e3o fornecidos atrav\u00e9s das nossas plataformas online.<\/p>\n<p>O utilizador deve ler com aten\u00e7\u00e3o esta pol\u00edtica de privacidade, que foi escrita de forma clara e simples para facilitar a sua compreens\u00e3o, e determinar livre e voluntariamente se deseja fornecer os seus dados pessoais \u00e0 <strong>APAN \u2013 Associa\u00e7\u00e3o Portuguesa de Anunciantes<\/strong>.<\/p>\n<p>O utilizador garante que \u00e9 maior de idade e que os dados cedidos s\u00e3o verdadeiros, exatos, completos e atualizados, sendo respons\u00e1vel por qualquer dano ou preju\u00edzo, direto ou indireto, que possa resultar pelo incumprimento desta obriga\u00e7\u00e3o. Caso os dados fornecidos perten\u00e7am a um terceiro, o utilizador garante que informou esse terceiro da informa\u00e7\u00e3o contida neste documento e obteve a sua autoriza\u00e7\u00e3o para ceder os dados \u00e0 <strong>APAN \u2013 Associa\u00e7\u00e3o Portuguesa de Anunciantes<\/strong> para os fins identificados.<\/p>\n<ol>\n<li><strong>INTRODU\u00c7\u00c3O<\/strong><\/li>\n<\/ol>\n<p>Esta pol\u00edtica de privacidade aplica-se a todos os dados pessoais recolhidos pela <strong>APAN \u2013 Associa\u00e7\u00e3o Portuguesa de Anunciantes <\/strong>atrav\u00e9s das suas plataformas online.<\/p>\n<p>Para contactar a <strong>APAN \u2013 Associa\u00e7\u00e3o Portuguesa de Anunciantes<\/strong> para qualquer quest\u00e3o relacionada com a presente pol\u00edtica de privacidade pode faz\u00ea-lo atrav\u00e9s dos seguintes pontos de contato:<\/p>\n<ul>\n<li>Correio eletr\u00f3nico: <a href=\"mailto:apan@apan.pt\">apan@apan.pt<\/a><\/li>\n<li>Correio Postal: Avenida da Rep\u00fablica, n.\u00ba 62 F, 6\u00ba andar, 1050-197 Lisboa<\/li>\n<\/ul>\n<ol start=\"2\">\n<li><strong>FINALIDADES DO TRATAMENTO E BASE JUR\u00cdDICA<\/strong><\/li>\n<\/ol>\n<p>A<strong> APAN \u2013 Associa\u00e7\u00e3o Portuguesa de Anunciantes<\/strong>, tratar\u00e1 os seus dados de forma manual e\/ou automatizada, para as seguintes finalidade espec\u00edficas:<\/p>\n<ul>\n<li>Cumprimento de Obriga\u00e7\u00f5es Legais;<\/li>\n<li>Cria\u00e7\u00e3o e gest\u00e3o da sua conta de utilizador, caso se tenha registado no nosso <em>website<\/em>;<\/li>\n<li>Confirma\u00e7\u00e3o da sua inscri\u00e7\u00e3o nas nossas forma\u00e7\u00f5es, caso se tenha inscrito nas mesmas atrav\u00e9s do nosso <em>website<\/em>;<\/li>\n<li>An\u00e1lise e resposta das mensagens enviadas atrav\u00e9s do formul\u00e1rio de contacto dispon\u00edvel neste <em>website<\/em>;<\/li>\n<li><em>Marketing direto, <\/em>nomeadamente para o envio da <em>webletter<\/em> e de informa\u00e7\u00f5es sobre a Academia APAN, Iniciativas, Confer\u00eancias e Comunica\u00e7\u00f5es Internacionais., caso tenha autorizado o tratamento dos seus dados pessoais para esta finalidade.<\/li>\n<\/ul>\n<p>O tratamento para as referidas finalidades ser\u00e1 necess\u00e1rio para a presta\u00e7\u00e3o dos servi\u00e7os da <strong>APAN \u2013 Associa\u00e7\u00e3o Portuguesa de Anunciantes<\/strong>. O dito tratamento ser\u00e1 sempre efetuado ap\u00f3s o seu consentimento, exceto nos casos em que exista outra causa de legitimidade para esse tratamento.<\/p>\n<p>Em caso algum a <strong>APAN \u2013 Associa\u00e7\u00e3o Portuguesa de Anunciantes <\/strong>ir\u00e1 ceder os dados dos utilizadores a terceiros ou outros destinat\u00e1rios.<\/p>\n<ol start=\"3\">\n<li><strong>SUBCONTRATANTES<\/strong><\/li>\n<\/ol>\n<p>O tratamento dos dados dos utilizadores poder\u00e1 ser efetuado por um prestador de servi\u00e7os id\u00f3neo, contratado pela <strong>APAN \u2013 Associa\u00e7\u00e3o Portuguesa de Anunciantes<\/strong>. Este prestador de servi\u00e7os ir\u00e1 tratar os dados apenas para as finalidades estabelecidas pela <strong>APAN \u2013 Associa\u00e7\u00e3o Portuguesa de Anunciantes<\/strong> e seguindo as suas instru\u00e7\u00f5es precisas, cumprindo com rigor as normas legais sobre prote\u00e7\u00e3o de dados pessoais, seguran\u00e7a de informa\u00e7\u00e3o e demais legisla\u00e7\u00e3o aplic\u00e1vel.<\/p>\n<ol start=\"4\">\n<li><strong>TRANSFER\u00caNCIAS INTERNACIONAIS DE DADOS<\/strong><\/li>\n<\/ol>\n<p>A <strong>APAN \u2013 Associa\u00e7\u00e3o Portuguesa de Anunciantes<\/strong> realizar\u00e1 o tratamento de dados do utilizador integralmente no territ\u00f3rio da Uni\u00e3o Europeia, pelo que n\u00e3o prev\u00ea nenhuma transfer\u00eancia internacional dos dados.<\/p>\n<ol start=\"5\">\n<li><strong>PRAZOS DE CONSERVA\u00c7\u00c3O<\/strong><\/li>\n<\/ol>\n<p>A <strong>APAN \u2013 Associa\u00e7\u00e3o Portuguesa de Anunciantes <\/strong>conservar\u00e1 os dados pessoais dos utilizadores unicamente durante o tempo necess\u00e1rio para realizar as finalidades para os quais foram recolhidos.<\/p>\n<ol start=\"6\">\n<li><strong>DIREITOS DOS UTILIZADORES<\/strong><\/li>\n<\/ol>\n<p>O utilizador poder\u00e1, em qualquer momento e de forma gratuita, exercer os seus direitos de acesso, retifica\u00e7\u00e3o ou apagamento, oposi\u00e7\u00e3o, limita\u00e7\u00e3o e portabilidade dos seus dados, solicitando-o, por escrito, por e-mail para <a href=\"mailto:apan@apan.pt\">apan@apan.pt<\/a> ou por correio para Avenida da Rep\u00fablica, n.\u00ba 62 F, 6\u00ba andar, 1050-197 Lisboa, nos termos estabelecidos na legisla\u00e7\u00e3o aplic\u00e1vel.<\/p>\n<p>Em todo o caso, informa-se o utilizador de que, no caso de se considerar que <strong>APAN \u2013 Associa\u00e7\u00e3o Portuguesa de Anunciantes<\/strong> tenha violado, ou possa violar os direitos que lhe s\u00e3o reconhecidos pela legisla\u00e7\u00e3o relativa \u00e0 prote\u00e7\u00e3o de dados pessoais, poder\u00e1 apresentar uma reclama\u00e7\u00e3o perante a Comiss\u00e3o Nacional de Prote\u00e7\u00e3o de Dados (CNPD) atrav\u00e9s do n\u00famero de telefone 213928400 ou do e-mail <a href=\"mailto:geral@cnpd.pt\">geral@cnpd.pt<\/a>.<\/p>\n<ol start=\"7\">\n<li><strong>REVOGA\u00c7\u00c3O DO CONSENTIMENTO<\/strong><\/li>\n<\/ol>\n<p>A aceita\u00e7\u00e3o pelo utilizador de os seus dados poderem ser tratados ter\u00e1 sempre um car\u00e1ter revog\u00e1vel, sem efeitos retroativos. Para revogar o consentimento os utilizadores poder\u00e3o contatar a <strong>APAN \u2013 Associa\u00e7\u00e3o Portuguesa de Anunciantes<\/strong> atrav\u00e9s dos seguintes canais: por e-mail para <a href=\"mailto:apan@apan.pt\">apan@apan.pt<\/a> ou por correio para Avenida da Rep\u00fablica, n.\u00ba 62 F, 6\u00ba andar, 1050-197 Lisboa<strong>.<\/strong><\/p>\n<ol start=\"8\">\n<li><strong>CAR\u00c1TER NECESS\u00c1RIO DOS DADOS SOLICITADOS<\/strong><\/li>\n<\/ol>\n<p>Os dados que, nos formul\u00e1rios disponibilizados pela <strong>APAN \u2013 Associa\u00e7\u00e3o Portuguesa de Anunciantes<\/strong> atrav\u00e9s das suas plataformas online, estejam marcados com um asterisco (*) ser\u00e3o necess\u00e1rios para cumprir com a finalidade contratual ou legal estabelecida, pelo que se o utilizador n\u00e3o os fornecer a <strong>APAN \u2013 Associa\u00e7\u00e3o Portuguesa de Anunciantes<\/strong> n\u00e3o poder\u00e1 satisfazer esse pedido.<\/p>\n<ol start=\"9\">\n<li><strong>DECIS\u00d5ES AUTOMATIZADAS<\/strong><\/li>\n<\/ol>\n<p>A <strong>APAN \u2013 Associa\u00e7\u00e3o Portuguesa de Anunciantes<\/strong> n\u00e3o adota decis\u00f5es automatizadas atrav\u00e9s do tratamento dos dados dos utilizadores.<\/p>\n<ol start=\"10\">\n<li><strong>MEDIDAS DE PROTE\u00c7\u00c3O DOS DADOS PESSOAIS<\/strong><\/li>\n<\/ol>\n<p>A <strong>APAN \u2013 Associa\u00e7\u00e3o Portuguesa de Anunciantes<\/strong> emprega diferentes medidas t\u00e9cnicas e organizativas adequadas para proteger os dados pessoais dos utilizadores, incluindo [\u2026].<\/p>\n<ol start=\"11\">\n<li><strong>USO DE \u201cCOOKIES\u201d<\/strong><\/li>\n<\/ol>\n<p>Os cookies s\u00e3o pequenos ficheiros de informa\u00e7\u00e3o que s\u00e3o enviados para o seu computador ou telem\u00f3vel quando visita um website. Os cookies s\u00e3o enviados de volta ao site de origem em cada visita subsequente ou para outro site que reconhe\u00e7a esse cookie. Os cookies s\u00e3o \u00fateis porque permitem que um site reconhe\u00e7a o dispositivo do utilizador, permitindo-lhe navegar eficientemente pelas p\u00e1ginas, recordando tamb\u00e9m as suas prefer\u00eancias e melhorando em geral a experi\u00eancia do utilizador.<\/p>\n<p>Alguns dos cookies emitidos pelo servidor ter\u00e3o apenas a dura\u00e7\u00e3o da sess\u00e3o e expirar\u00e3o quando encerrar o browser.<\/p>\n<p>Outros cookies s\u00e3o usados para recordar quando um utilizador regressa a um site e t\u00eam um per\u00edodo de dura\u00e7\u00e3o maior.<\/p>\n<p>A maioria dos browsers aceitam cookies automaticamente. Pode modificar a configura\u00e7\u00e3o do seu browser para n\u00e3o aceitar ou para ser notificado cada vez que se cria um cookie.<\/p>\n<p>Pode obter mais informa\u00e7\u00e3o sobre cookies, incluindo como ver os cookies que foram criados no seu dispositivo e como geri-los ou elimin\u00e1-los usando diferentes tipos de browsers, em <a href=\"http:\/\/www.allaboutcookies.org\">www.allaboutcookies.org<\/a>.<\/p>\n<p>A capacidade de ativar, desativar ou eliminar cookies tamb\u00e9m se pode efetuar no seu browser. Para isso, siga as instru\u00e7\u00f5es no seu browser (geralmente localizadas nas op\u00e7\u00f5es \u201cAjuda\u201d, \u201cFerramentas\u201d ou \u201cEditar\u201d). Desativar um cookie ou uma categoria de cookies n\u00e3o apaga o cookie do seu browser, para tal necessita efetuar o apagamento manualmente.<\/p>\n<p>Ao bloquear ou eliminar cookies usados pela <strong>APAN \u2013 Associa\u00e7\u00e3o Portuguesa de Anunciantes<\/strong>, \u00e9 poss\u00edvel que n\u00e3o consiga disfrutar ao m\u00e1ximo das funcionalidades do website.<\/p>\n","protected":false},"excerpt":{"rendered":"<p>\u00c9 compromisso da APAN \u2013 Associa\u00e7\u00e3o Portuguesa de Anunciantes respeitar a privacidade dos utilizadores, bem como a prote\u00e7\u00e3o e seguran\u00e7a dos seus dados pessoais. Para isso, iremos demonstrar de que forma se recolhe, trata e protege os dados pessoais que nos s\u00e3o fornecidos atrav\u00e9s das nossas plataformas online. O utilizador deve ler com aten\u00e7\u00e3o esta&#8230;<\/p>\n","protected":false},"author":1,"featured_media":0,"parent":0,"menu_order":0,"comment_status":"closed","ping_status":"closed","template":"","meta":{"_monsterinsights_skip_tracking":false,"_monsterinsights_sitenote_active":false,"_monsterinsights_sitenote_note":"","_monsterinsights_sitenote_category":0},"_links":{"self":[{"href":"https:\/\/apan.pt\/mediasmart\/wp-json\/wp\/v2\/pages\/6472"}],"collection":[{"href":"https:\/\/apan.pt\/mediasmart\/wp-json\/wp\/v2\/pages"}],"about":[{"href":"https:\/\/apan.pt\/mediasmart\/wp-json\/wp\/v2\/types\/page"}],"author":[{"embeddable":true,"href":"https:\/\/apan.pt\/mediasmart\/wp-json\/wp\/v2\/users\/1"}],"replies":[{"embeddable":true,"href":"https:\/\/apan.pt\/mediasmart\/wp-json\/wp\/v2\/comments?post=6472"}],"version-history":[{"count":3,"href":"https:\/\/apan.pt\/mediasmart\/wp-json\/wp\/v2\/pages\/6472\/revisions"}],"predecessor-version":[{"id":7257,"href":"https:\/\/apan.pt\/mediasmart\/wp-json\/wp\/v2\/pages\/6472\/revisions\/7257"}],"wp:attachment":[{"href":"https:\/\/apan.pt\/mediasmart\/wp-json\/wp\/v2\/media?parent=6472"}],"curies":[{"name":"wp","href":"https:\/\/api.w.org\/{rel}","templated":true}]}}