{"id":6474,"date":"2016-06-03T18:02:22","date_gmt":"2016-06-03T18:02:22","guid":{"rendered":"http:\/\/mediasmart.mailayout.com\/?page_id=6474"},"modified":"2016-06-19T17:12:25","modified_gmt":"2016-06-19T17:12:25","slug":"politica-de-cookies","status":"publish","type":"page","link":"https:\/\/apan.pt\/mediasmart\/politica-de-cookies\/","title":{"rendered":"Pol\u00edtica de Cookies"},"content":{"rendered":"<p>Os cookies s\u00e3o pequenos ficheiros de texto guardados no dispositivo de um utilizador aquando da visita a determinados websites. Em visitas subsequentes, o ficheiro \u00e9 enviado de volta para o website que o originou permitindo assim identificar as prefer\u00eancias de um utilizador. O uso de cookies \u00e9 hoje pr\u00e1tica comum na maioria dos websites, nomeadamente desde o aumento do com\u00e9rcio eletr\u00f3nico.<\/p>\n<p>Neste website, quando autorizado pelo utilizador, utilizamos os seguintes cookies:<\/p>\n<p>Cookies de sess\u00e3o \u2013 permitem-nos processar pedidos dos utilizadores, nomeadamente solicita\u00e7\u00f5es de produto adicionados ao \u201ccarrinho\u201d de amostras. Sem estes cookies os pedidos n\u00e3o poder\u00e3o ser processados.<\/p>\n<p>Cookies de personaliza\u00e7\u00e3o \u2013 permitem-nos relembrar as prefer\u00eancias do utilizador relativamente \u00e0 sua localiza\u00e7\u00e3o\/l\u00edngua. Assim, em visitas subsequentes o utilizador n\u00e3o ter\u00e1 que estar sempre a selecionar essas op\u00e7\u00f5es, tornando a visita mais f\u00e1cil.<\/p>\n<p>Cookies de estat\u00edsticas \u2013 permitem-nos compreender, atrav\u00e9s da recolha de estat\u00edsticas de utiliza\u00e7\u00e3o, como os utilizadores navegam no nosso website e como podemos melhorar a sua experi\u00eancia e as funcionalidades do website. Utilizamos o Google Analytics, um dos mais utilizados e confi\u00e1veis servi\u00e7os de estat\u00edsticas, para nos ajudar a recolher essa informa\u00e7\u00e3o. A informa\u00e7\u00e3o recolhida, como p\u00e1ginas visitadas ou tempo passado no website, n\u00e3o permite identificar utilizadores espec\u00edficos dado que as visitas s\u00e3o an\u00f3nimas.<\/p>\n<p>Para qualquer quest\u00e3o sobre privacidade ou cookies por favor contacte-nos atrav\u00e9s do email mediasmart@apan.pt<\/p>\n","protected":false},"excerpt":{"rendered":"<p>Os cookies s\u00e3o pequenos ficheiros de texto guardados no dispositivo de um utilizador aquando da visita a determinados websites. Em visitas subsequentes, o ficheiro \u00e9 enviado de volta para o website que o originou permitindo assim identificar as prefer\u00eancias de um utilizador. O uso de cookies \u00e9 hoje pr\u00e1tica comum na maioria dos websites, nomeadamente&#8230;<\/p>\n","protected":false},"author":1,"featured_media":0,"parent":0,"menu_order":0,"comment_status":"closed","ping_status":"closed","template":"","meta":{"_monsterinsights_skip_tracking":false,"_monsterinsights_sitenote_active":false,"_monsterinsights_sitenote_note":"","_monsterinsights_sitenote_category":0},"_links":{"self":[{"href":"https:\/\/apan.pt\/mediasmart\/wp-json\/wp\/v2\/pages\/6474"}],"collection":[{"href":"https:\/\/apan.pt\/mediasmart\/wp-json\/wp\/v2\/pages"}],"about":[{"href":"https:\/\/apan.pt\/mediasmart\/wp-json\/wp\/v2\/types\/page"}],"author":[{"embeddable":true,"href":"https:\/\/apan.pt\/mediasmart\/wp-json\/wp\/v2\/users\/1"}],"replies":[{"embeddable":true,"href":"https:\/\/apan.pt\/mediasmart\/wp-json\/wp\/v2\/comments?post=6474"}],"version-history":[{"count":2,"href":"https:\/\/apan.pt\/mediasmart\/wp-json\/wp\/v2\/pages\/6474\/revisions"}],"predecessor-version":[{"id":6497,"href":"https:\/\/apan.pt\/mediasmart\/wp-json\/wp\/v2\/pages\/6474\/revisions\/6497"}],"wp:attachment":[{"href":"https:\/\/apan.pt\/mediasmart\/wp-json\/wp\/v2\/media?parent=6474"}],"curies":[{"name":"wp","href":"https:\/\/api.w.org\/{rel}","templated":true}]}}