{"id":6551,"date":"2016-08-05T22:45:39","date_gmt":"2016-08-05T22:45:39","guid":{"rendered":"http:\/\/mediasmart.mailayout.com\/?page_id=6551"},"modified":"2021-02-02T19:26:18","modified_gmt":"2021-02-02T19:26:18","slug":"programa","status":"publish","type":"page","link":"https:\/\/apan.pt\/mediasmart\/media-smart\/programa\/","title":{"rendered":"O Programa"},"content":{"rendered":"<section class=\"l-section wpb_row height_medium\"><div class=\"l-section-h i-cf\"><div class=\"g-cols vc_row via_flex valign_top type_default stacking_default\"><div class=\"vc_col-sm-9 wpb_column vc_column_container\"><div class=\"vc_column-inner\"><div class=\"wpb_wrapper\"><div class=\"wpb_text_column\"><div class=\"wpb_wrapper\"><p>Lan\u00e7ado em Portugal em 2008, o Media Smart \u00e9 um programa sem fins lucrativos de literacia sobre a publicidade nos diversos media (meios de comunica\u00e7\u00e3o social), destinado a crian\u00e7as entre os 7 e os 14 anos de idade.<\/p>\n<p>O objetivo do Media Smart \u00e9 fornecer \u00e0s crian\u00e7as ferramentas que as ajudem a compreender e interpretar a publicidade, preparando-as para fazerem escolhas informadas.<\/p>\n<p>O Media Smart desenvolve e fornece gratuitamente materiais pedag\u00f3gicos a escolas, organiza\u00e7\u00f5es infantis, professores e educadores, onde se ensinam as crian\u00e7as a pensar de forma cr\u00edtica sobre a publicidade no contexto das suas vidas di\u00e1rias.<\/p>\n<p>O Media Smart \u00e9 a primeira iniciativa do g\u00e9nero a ser lan\u00e7ada em Portugal. \u00c9 patrocinada pela ind\u00fastria e apoiada pelo Governo Portugu\u00eas.<\/p>\n<p>O Programa Media Smart tem como objetivo desenvolver o sentido cr\u00edtico das crian\u00e7as, logo desde muito novas, tornando-as capazes de compreender as mensagens publicit\u00e1rias que lhe s\u00e3o dirigidas. A publicidade \u00e9 indissoci\u00e1vel da nossa vida: ela tanto pode real\u00e7ar as qualidades de um produto ou servi\u00e7o \u2013 publicidade comercial \u2013 como pode informar e sensibilizar a popula\u00e7\u00e3o para problemas graves como a seguran\u00e7a rodovi\u00e1ria, perigos do tabaco, etc., com o prop\u00f3sito de promover a mudan\u00e7a de atitudes e comportamentos \u2013 publicidade n\u00e3o comercial.<\/p>\n<p>Acima de tudo o programa Media Smart \u00e9 um m\u00e9todo de ensino que os educadores (professores e pais) podem adequar de acordo com a sua vontade pessoal. Cada professor \u00e9 livre de utilizar aquilo que lhe parece interessante ou adapt\u00e1vel \u00e0 sua disciplina e pode mesmo estender a reflex\u00e3o a casos com os quais as crian\u00e7as s\u00e3o confrontadas diariamente.<\/p>\n<\/div><\/div><\/div><\/div><\/div><div class=\"vc_col-sm-3 wpb_column vc_column_container\"><div class=\"vc_column-inner\"><div class=\"wpb_wrapper\">[vc_wp_custommenu nav_menu=&#8221;53&#8243;]<\/div><\/div><\/div><\/div><\/div><\/section>\n","protected":false},"excerpt":{"rendered":"Lan\u00e7ado em Portugal em 2008, o Media Smart \u00e9 um programa sem fins lucrativos de literacia sobre a publicidade nos diversos media (meios de comunica\u00e7\u00e3o social), destinado a crian\u00e7as entre os 7 e os 14 anos de idade. O objetivo do Media Smart \u00e9 fornecer \u00e0s crian\u00e7as ferramentas que as ajudem a compreender e interpretar...","protected":false},"author":1,"featured_media":0,"parent":2803,"menu_order":0,"comment_status":"closed","ping_status":"closed","template":"","meta":{"_monsterinsights_skip_tracking":false,"_monsterinsights_sitenote_active":false,"_monsterinsights_sitenote_note":"","_monsterinsights_sitenote_category":0},"_links":{"self":[{"href":"https:\/\/apan.pt\/mediasmart\/wp-json\/wp\/v2\/pages\/6551"}],"collection":[{"href":"https:\/\/apan.pt\/mediasmart\/wp-json\/wp\/v2\/pages"}],"about":[{"href":"https:\/\/apan.pt\/mediasmart\/wp-json\/wp\/v2\/types\/page"}],"author":[{"embeddable":true,"href":"https:\/\/apan.pt\/mediasmart\/wp-json\/wp\/v2\/users\/1"}],"replies":[{"embeddable":true,"href":"https:\/\/apan.pt\/mediasmart\/wp-json\/wp\/v2\/comments?post=6551"}],"version-history":[{"count":7,"href":"https:\/\/apan.pt\/mediasmart\/wp-json\/wp\/v2\/pages\/6551\/revisions"}],"predecessor-version":[{"id":7148,"href":"https:\/\/apan.pt\/mediasmart\/wp-json\/wp\/v2\/pages\/6551\/revisions\/7148"}],"up":[{"embeddable":true,"href":"https:\/\/apan.pt\/mediasmart\/wp-json\/wp\/v2\/pages\/2803"}],"wp:attachment":[{"href":"https:\/\/apan.pt\/mediasmart\/wp-json\/wp\/v2\/media?parent=6551"}],"curies":[{"name":"wp","href":"https:\/\/api.w.org\/{rel}","templated":true}]}}