{"id":6660,"date":"2016-08-06T02:23:06","date_gmt":"2016-08-06T02:23:06","guid":{"rendered":"http:\/\/mediasmart.mailayout.com\/?page_id=6660"},"modified":"2024-06-11T15:50:29","modified_gmt":"2024-06-11T15:50:29","slug":"guias","status":"publish","type":"page","link":"https:\/\/apan.pt\/mediasmart\/pais\/guias\/","title":{"rendered":"Guias"},"content":{"rendered":"<section class=\"l-section wpb_row height_medium\"><div class=\"l-section-h i-cf\"><div class=\"g-cols vc_row via_flex valign_top type_default stacking_default\"><div class=\"vc_col-sm-9 wpb_column vc_column_container\"><div class=\"vc_column-inner\"><div class=\"wpb_wrapper\"><div class=\"wpb_text_column\"><div class=\"wpb_wrapper\"><p>\u00c9 globalmente reconhecido que a natureza comercial do mundo atual \u00e9 relevante na forma como as crian\u00e7as crescem.<\/p>\n<p>A publicidade e a promo\u00e7\u00e3o s\u00e3o as \u00e1reas mais vis\u00edveis deste mundo comercial. Ajudar as crian\u00e7as a compreender o que \u00e9 a publicidade, os seus objetivos e como \u00e9 que ela funciona \u00e9 vital para assegurar que elas se tornem consumidores mais informados e mais cr\u00edticos.<\/p>\n<p>Desenvolver o sentido cr\u00edtico das crian\u00e7as desde muito novas \u00e9 o grande prop\u00f3sito do Programa Media Smart.<\/p>\n<p>Porque s\u00e3o os pais e educadores quem exerce maior influ\u00eancia sobre as crian\u00e7as, o programa Media Smart pode ser acompanhado em casa da mesma forma que na escola.<\/p>\n<p>Para al\u00e9m dos materiais pedag\u00f3gicos dirigidos a professores e que fazem parte das atividades escolares, desenvolvemos tamb\u00e9m recursos para utiliza\u00e7\u00e3o em casa pelos pais \u2013 Guia sobre Imagem Corporal e Auto-estima e Guia sobre o Mundo Digital.<\/p>\n<p>Adicionalmente disponibilizamos \u201cdicas\u201d para ajudar os pais a lidarem com a dificuldade que \u00e9 explicar a uma crian\u00e7a porque n\u00e3o pode ter tudo o que quer.<\/p>\n<p>\u00c9 encorajando o seu(a) filho(a) a falar sobre os assuntos, que pode avaliar aquilo que ele compreende sobre que v\u00ea e ouve.<\/p>\n<\/div><\/div><\/div><\/div><\/div><div class=\"vc_col-sm-3 wpb_column vc_column_container\"><div class=\"vc_column-inner\"><div class=\"wpb_wrapper\">[vc_wp_custommenu nav_menu=&#8221;56&#8243;]<\/div><\/div><\/div><\/div><\/div><\/section><section class=\"l-section wpb_row height_auto width_full\"><div class=\"l-section-h i-cf\"><div class=\"g-cols vc_row via_flex valign_top type_default stacking_default\"><div class=\"vc_col-sm-4 wpb_column vc_column_container\"><div class=\"vc_column-inner us_custom_be3606da\"><div class=\"wpb_wrapper\"><div class=\"w-image align_none us_animate_afl\" style=\"animation-delay:0.2s\"><div class=\"w-image-h\"><img width=\"436\" height=\"631\" src=\"https:\/\/apan.pt\/mediasmart\/wp-content\/uploads\/2016\/05\/homem-alto.jpg\" class=\"attachment-full size-full\" alt=\"\" decoding=\"async\" loading=\"lazy\" srcset=\"https:\/\/apan.pt\/mediasmart\/wp-content\/uploads\/2016\/05\/homem-alto.jpg 436w, https:\/\/apan.pt\/mediasmart\/wp-content\/uploads\/2016\/05\/homem-alto-207x300.jpg 207w\" sizes=\"(max-width: 436px) 100vw, 436px\" \/><\/div><\/div><\/div><\/div><\/div><div class=\"vc_col-sm-8 wpb_column vc_column_container\"><div class=\"vc_column-inner us_custom_fe2a12f1\"><div class=\"wpb_wrapper\"><div class=\"wpb_text_column\"><div class=\"wpb_wrapper\"><h3>IMAGEM CORPORAL E AUTO ESTIMA<\/h3>\n<p>A imagem corporal tem estado na ordem do dia como uma quest\u00e3o importante, porque a tecnologia e as tend\u00eancias sociais t\u00eam permitido um acesso cada vez maior dos jovens aos meios de comunica\u00e7\u00e3o e publicidade aumentando a sua exposi\u00e7\u00e3o a imagens de um determinado tipo de corpo.<\/p>\n<p>\u00c9 fundamental que os educadores promovam a auto estima positiva das crian\u00e7as ajudando-as a pensar criticamente sobre as imagens que v\u00eam nos meios de comunica\u00e7\u00e3o social e a entender que elas s\u00e3o uma aspira\u00e7\u00e3o e n\u00e3o necessariamente realiz\u00e1veis.<\/p>\n<p>Este guia foi concebido para fornecer uma introdu\u00e7\u00e3o sobre imagem corporal e publicidade, explicando como poder\u00e1 desempenhar um papel fundamental no desenvolvimento de uma imagem corporal positiva nos jovens. Este recurso ir\u00e1 conter informa\u00e7\u00e3o, aconselhamento e atividades que ajudam os adultos a dar aos jovens um forte sentido sobre o seu pr\u00f3prio valor e identidade.<\/p>\n<p>Descarregue <a href=\"\/mediasmart\/download\/guia-para-pais-sobre-imagem-corporal\/\">aqui<\/a> este guia.<\/p>\n<h3>PUBLICIDADE E REDES \u00a0SOCIAIS<\/h3>\n<p>Hoje, os jovens crescem num mundo repleto de mensagens comerciais que tocam a maior parte das \u00e1reas da sua vida \u2013 logo, \u00e9 mais importante do que nunca entender exatamente o que lhes est\u00e1 a ser sugerido, prometido e vendido.<\/p>\n<p>Este guia preparado pelo Media Smart est\u00e1 organizado para proporcionar aos pais uma abrangente e envolvente introdu\u00e7\u00e3o \u00e0 publicidade e \u00e0s redes sociais de forma a poderem partilhar e trabalhar em casa com os seus filhos.<\/p>\n<p>Sabemos que os media digitais colocam imensos desafios \u00e0s fam\u00edlias modernas. Vamos dar-lhe a conhecer a terminologia, as raz\u00f5es pela qual existe publicidade nas redes sociais e quais as t\u00e9cnicas que t\u00eam vindo a ser utilizadas para conquistar a nossa aten\u00e7\u00e3o. Ap\u00f3s esta leitura, esperamos que toda a sua fam\u00edlia se sinta mais confiante, informada e segura online.<\/p>\n<p>Descarregue <a href=\"\/mediasmart\/download\/publicidade-e-redes-sociais-um-guia-para-os-pais\/\">aqui<\/a> este guia.<\/p>\n<\/div><\/div><\/div><\/div><\/div><\/div><\/div><\/section><section class=\"l-section wpb_row height_medium\"><div class=\"l-section-h i-cf\"><div class=\"g-cols vc_row via_flex valign_top type_default stacking_default\"><div class=\"vc_col-sm-12 wpb_column vc_column_container\"><div class=\"vc_column-inner\"><div class=\"wpb_wrapper\"><div class=\"wpb_text_column\"><div class=\"wpb_wrapper\"><h3>MUNDO DIGITAL<\/h3>\n<p>As crian\u00e7as est\u00e3o a crescer rodeadas por um mundo digital cada vez mais desenvolvido. Mas a sua familiaridade e as suas compet\u00eancias no uso de novas tecnologias n\u00e3o significa, necessariamente, que estejam preparadas para lidar com elas de forma consciente e compreender como funciona esse novo mundo digital.<\/p>\n<p>Este GUIA ajuda a entender as diferentes situa\u00e7\u00f5es em que os seus filhos v\u00e3o encontrar mensagens comerciais \u00e0 medida que forem utilizando as diferentes plataformas e conte\u00fados digitais. Tem tamb\u00e9m como objetivo oferecer apoio aos pais e educadores sobre como abordar os conte\u00fados online com as crian\u00e7as.<\/p>\n<p>Descarregue <a href=\"\/mediasmart\/download\/mundo-digital-dedicado-pais-e-educadores\/\">aqui<\/a> este guia.<\/p>\n<\/div><\/div><\/div><\/div><\/div><\/div><\/div><\/section>\n","protected":false},"excerpt":{"rendered":"\u00c9 globalmente reconhecido que a natureza comercial do mundo atual \u00e9 relevante na forma como as crian\u00e7as crescem. A publicidade e a promo\u00e7\u00e3o s\u00e3o as \u00e1reas mais vis\u00edveis deste mundo comercial. Ajudar as crian\u00e7as a compreender o que \u00e9 a publicidade, os seus objetivos e como \u00e9 que ela funciona \u00e9 vital para assegurar que...","protected":false},"author":1,"featured_media":0,"parent":6371,"menu_order":0,"comment_status":"closed","ping_status":"closed","template":"","meta":{"_monsterinsights_skip_tracking":false,"_monsterinsights_sitenote_active":false,"_monsterinsights_sitenote_note":"","_monsterinsights_sitenote_category":0},"_links":{"self":[{"href":"https:\/\/apan.pt\/mediasmart\/wp-json\/wp\/v2\/pages\/6660"}],"collection":[{"href":"https:\/\/apan.pt\/mediasmart\/wp-json\/wp\/v2\/pages"}],"about":[{"href":"https:\/\/apan.pt\/mediasmart\/wp-json\/wp\/v2\/types\/page"}],"author":[{"embeddable":true,"href":"https:\/\/apan.pt\/mediasmart\/wp-json\/wp\/v2\/users\/1"}],"replies":[{"embeddable":true,"href":"https:\/\/apan.pt\/mediasmart\/wp-json\/wp\/v2\/comments?post=6660"}],"version-history":[{"count":11,"href":"https:\/\/apan.pt\/mediasmart\/wp-json\/wp\/v2\/pages\/6660\/revisions"}],"predecessor-version":[{"id":7370,"href":"https:\/\/apan.pt\/mediasmart\/wp-json\/wp\/v2\/pages\/6660\/revisions\/7370"}],"up":[{"embeddable":true,"href":"https:\/\/apan.pt\/mediasmart\/wp-json\/wp\/v2\/pages\/6371"}],"wp:attachment":[{"href":"https:\/\/apan.pt\/mediasmart\/wp-json\/wp\/v2\/media?parent=6660"}],"curies":[{"name":"wp","href":"https:\/\/api.w.org\/{rel}","templated":true}]}}