{"id":6663,"date":"2016-08-06T02:30:58","date_gmt":"2016-08-06T02:30:58","guid":{"rendered":"http:\/\/mediasmart.mailayout.com\/?page_id=6663"},"modified":"2021-02-02T19:26:37","modified_gmt":"2021-02-02T19:26:37","slug":"dicas","status":"publish","type":"page","link":"https:\/\/apan.pt\/mediasmart\/pais\/dicas\/","title":{"rendered":"Dicas"},"content":{"rendered":"<section class=\"l-section wpb_row height_medium\"><div class=\"l-section-h i-cf\"><div class=\"g-cols vc_row via_flex valign_top type_default stacking_default\"><div class=\"vc_col-sm-9 wpb_column vc_column_container\"><div class=\"vc_column-inner\"><div class=\"wpb_wrapper\"><div class=\"wpb_text_column\"><div class=\"wpb_wrapper\"><p>O programa Media Smart pode ser seguido em casa, com a ajuda dos pais.<\/p>\n<p>Se queremos que as nossas crian\u00e7as compreendam o mundo no qual crescem e que entendam o que as rodeia, \u00e9 essencial ajuda-las a discernir e a desenvolverem um olhar cr\u00edtico que lhes permita fazer escolhas conscientes na sua vida de cidad\u00e3os e de consumidores.<\/p>\n<\/div><\/div><\/div><\/div><\/div><div class=\"vc_col-sm-3 wpb_column vc_column_container\"><div class=\"vc_column-inner\"><div class=\"wpb_wrapper\">[vc_wp_custommenu nav_menu=&#8221;56&#8243;]<\/div><\/div><\/div><\/div><\/div><\/section><section class=\"l-section wpb_row us_custom_f37aca33 height_auto width_full\"><div class=\"l-section-h i-cf\"><div class=\"g-cols vc_row via_flex valign_top type_default stacking_default\"><div class=\"vc_col-sm-4 wpb_column vc_column_container\"><div class=\"vc_column-inner us_custom_be3606da\"><div class=\"wpb_wrapper\"><div class=\"w-image align_none us_animate_afl\" style=\"animation-delay:0.2s\"><div class=\"w-image-h\"><img width=\"1200\" height=\"631\" src=\"https:\/\/apan.pt\/mediasmart\/wp-content\/uploads\/2016\/05\/rapaz.jpg\" class=\"attachment-full size-full\" alt=\"\" decoding=\"async\" loading=\"lazy\" srcset=\"https:\/\/apan.pt\/mediasmart\/wp-content\/uploads\/2016\/05\/rapaz.jpg 1200w, https:\/\/apan.pt\/mediasmart\/wp-content\/uploads\/2016\/05\/rapaz-300x158.jpg 300w, https:\/\/apan.pt\/mediasmart\/wp-content\/uploads\/2016\/05\/rapaz-768x404.jpg 768w, https:\/\/apan.pt\/mediasmart\/wp-content\/uploads\/2016\/05\/rapaz-1024x538.jpg 1024w\" sizes=\"(max-width: 1200px) 100vw, 1200px\" \/><\/div><\/div><\/div><\/div><\/div><div class=\"vc_col-sm-8 wpb_column vc_column_container\"><div class=\"vc_column-inner us_custom_fe2a12f1\"><div class=\"wpb_wrapper\"><div class=\"wpb_text_column\"><div class=\"wpb_wrapper\"><h4>EDUCAR A CRIAN\u00c7A NUM MUNDO COMERCIAL<\/h4>\n<p>As crian\u00e7as desenvolvem gradualmente as capacidades de que necessitam para negociar as coisas que querem. At\u00e9 terem totalmente desenvolvidas essas compet\u00eancias, elas tendem a repetir os seus pedidos e essas insist\u00eancias podem tornar-se dif\u00edceis de lidar;<\/p>\n<p>Porque as crian\u00e7as entre os 7 e 14 anos de idade ainda n\u00e3o tem o sistema cognitivo totalmente desenvolvido, necessitam de apoio para compreender as mensagens publicit\u00e1rias que lhe s\u00e3o dirigidas ou outras que, n\u00e3o lhe sendo dirigidas, fazem parte do seu quotidiano.<\/p>\n<p>Apesar da publicidade ter influ\u00eancia na vida das crian\u00e7as, as decis\u00f5es de compra s\u00e3o resultado de m\u00faltiplas influ\u00eancias, incluindo dos seus pares, da estrutura familiar e, mais importante, dos h\u00e1bitos de compra dos pais.<\/p>\n<p>Ao compreender o papel da publicidade na vida das crian\u00e7as, os pais podem influenciar a forma como elas a v\u00eam e entendem. Eles podem tamb\u00e9m ensinar as crian\u00e7as a utilizar de forma correta a informa\u00e7\u00e3o publicit\u00e1ria dos produtos ou servi\u00e7os.<\/p>\n<p>A publicidade \u00e9 uma atividade bastante regulamentada. Se os pais ou educadores viram um an\u00fancio que sintam que \u00e9 enganador, indecente ou potencialmente perigoso, devem fazer ouvir as suas preocupa\u00e7\u00f5es junto do <a href=\"http:\/\/www.icap.pt\" target=\"_blank\" rel=\"noopener\">ICAP<\/a> ou da <a href=\"http:\/\/www.consumidor.pt\/\" target=\"_blank\" rel=\"noopener\">DGC<\/a><\/p>\n<\/div><\/div><\/div><\/div><\/div><\/div><\/div><\/section><section class=\"l-section wpb_row height_auto width_full\"><div class=\"l-section-h i-cf\"><div class=\"g-cols vc_row via_flex valign_top type_default stacking_default\"><div class=\"vc_col-sm-8 wpb_column vc_column_container\"><div class=\"vc_column-inner us_custom_fe2a12f1\"><div class=\"wpb_wrapper\"><div class=\"wpb_text_column\"><div class=\"wpb_wrapper\"><h4>O PODER DAS CRIAN\u00c7AS NAS COMPRAS<\/h4>\n<h5>Press\u00e3o Comercial<\/h5>\n<p>De uma forma geral os pais reconhecem o seu papel na forma\u00e7\u00e3o dos seus filhos no sentido de se tornarem consumidores conscientes. As compras s\u00e3o resultado de discuss\u00f5es, compromissos, negocia\u00e7\u00f5es e, em ultimo caso, decis\u00e3o dos pais;<\/p>\n<p>As crian\u00e7as, por sua vez, utilizam uma variedade de m\u00e9todos para persuadir os pais a comprarem determinados produtos. Apesar da publicidade influenciar as crian\u00e7as, elas v\u00eam na fam\u00edlia, nos amigos e nos professores importantes fontes de influ\u00eancia das suas vidas.<\/p>\n<p>Qualquer que seja a influ\u00eancia dos pais, existir\u00e3o sempre conflitos entre os desejos das crian\u00e7as e as decis\u00f5es dos pais, relativamente a certos produtos. A melhor forma de lidar com essas dif\u00edceis situa\u00e7\u00f5es \u00e9 ter uma atitude positiva e pr\u00f3-ativa em rela\u00e7\u00e3o \u00e0 situa\u00e7\u00e3o sem diminuir ou ignorar a crian\u00e7a.<\/p>\n<p>A publicidade \u00e9 uma importante fonte de informa\u00e7\u00e3o e a principal raz\u00e3o porque temos acesso a tanta escolha de produtos e servi\u00e7os.<\/p>\n<\/div><\/div><\/div><\/div><\/div><div class=\"vc_col-sm-4 wpb_column vc_column_container\"><div class=\"vc_column-inner us_custom_be3606da\"><div class=\"wpb_wrapper\"><div class=\"w-separator size_custom\" style=\"height:32px\"><\/div><div class=\"w-image align_none us_animate_afr\" style=\"animation-delay:0.2s\"><div class=\"w-image-h\"><img width=\"702\" height=\"850\" src=\"https:\/\/apan.pt\/mediasmart\/wp-content\/uploads\/2016\/05\/crianca-ipad-alto.jpg\" class=\"attachment-full size-full\" alt=\"\" decoding=\"async\" loading=\"lazy\" srcset=\"https:\/\/apan.pt\/mediasmart\/wp-content\/uploads\/2016\/05\/crianca-ipad-alto.jpg 702w, https:\/\/apan.pt\/mediasmart\/wp-content\/uploads\/2016\/05\/crianca-ipad-alto-248x300.jpg 248w\" sizes=\"(max-width: 702px) 100vw, 702px\" \/><\/div><\/div><\/div><\/div><\/div><\/div><\/div><\/section>\n","protected":false},"excerpt":{"rendered":"O programa Media Smart pode ser seguido em casa, com a ajuda dos pais. Se queremos que as nossas crian\u00e7as compreendam o mundo no qual crescem e que entendam o que as rodeia, \u00e9 essencial ajuda-las a discernir e a desenvolverem um olhar cr\u00edtico que lhes permita fazer escolhas conscientes na sua vida de cidad\u00e3os...","protected":false},"author":1,"featured_media":0,"parent":6371,"menu_order":0,"comment_status":"closed","ping_status":"closed","template":"","meta":{"_monsterinsights_skip_tracking":false,"_monsterinsights_sitenote_active":false,"_monsterinsights_sitenote_note":"","_monsterinsights_sitenote_category":0},"_links":{"self":[{"href":"https:\/\/apan.pt\/mediasmart\/wp-json\/wp\/v2\/pages\/6663"}],"collection":[{"href":"https:\/\/apan.pt\/mediasmart\/wp-json\/wp\/v2\/pages"}],"about":[{"href":"https:\/\/apan.pt\/mediasmart\/wp-json\/wp\/v2\/types\/page"}],"author":[{"embeddable":true,"href":"https:\/\/apan.pt\/mediasmart\/wp-json\/wp\/v2\/users\/1"}],"replies":[{"embeddable":true,"href":"https:\/\/apan.pt\/mediasmart\/wp-json\/wp\/v2\/comments?post=6663"}],"version-history":[{"count":13,"href":"https:\/\/apan.pt\/mediasmart\/wp-json\/wp\/v2\/pages\/6663\/revisions"}],"predecessor-version":[{"id":7307,"href":"https:\/\/apan.pt\/mediasmart\/wp-json\/wp\/v2\/pages\/6663\/revisions\/7307"}],"up":[{"embeddable":true,"href":"https:\/\/apan.pt\/mediasmart\/wp-json\/wp\/v2\/pages\/6371"}],"wp:attachment":[{"href":"https:\/\/apan.pt\/mediasmart\/wp-json\/wp\/v2\/media?parent=6663"}],"curies":[{"name":"wp","href":"https:\/\/api.w.org\/{rel}","templated":true}]}}