{"id":6675,"date":"2016-08-06T02:53:14","date_gmt":"2016-08-06T02:53:14","guid":{"rendered":"http:\/\/mediasmart.mailayout.com\/?page_id=6675"},"modified":"2021-02-02T19:25:25","modified_gmt":"2021-02-02T19:25:25","slug":"glossario","status":"publish","type":"page","link":"https:\/\/apan.pt\/mediasmart\/glossario\/","title":{"rendered":"Gloss\u00e1rio"},"content":{"rendered":"<p>Aqui ir\u00e1 encontrar uma sele\u00e7\u00e3o de algumas palavras que s\u00e3o usadas para falar dos media e de publicidade. Se existirem outras que gostaria de ver acrescentadas aqui, fa\u00e7a o favor de nos contactar.<\/p>\n<p><strong>Adblocking<\/strong> \u2013 a utiliza\u00e7\u00e3o de um programa que permite os utilizadores de internet de bloquear o aparecimento de an\u00fancios no ecr\u00e3 quando navega na internet.<\/p>\n<p><strong>Banner<\/strong> \u2013 an\u00fancio gr\u00e1fico apresentado quando os utilizadores visitam um determinado s\u00edtio na internet. Estes tamb\u00e9m se podem encontrar sob a forma de v\u00eddeo.<\/p>\n<p><strong>Browser<\/strong> &#8211; programa desenvolvido para permitir a navega\u00e7\u00e3o pela internet<\/p>\n<p><strong>Blog <\/strong>\u2013 um website atualizado regularmente e cronologicamente pelo autor onde o mesmo apresenta os seus pontos de vista e opini\u00f5es.<\/p>\n<p><strong>Cookie <\/strong>\u2013 informa\u00e7\u00e3o guardada no computador do utilizador sempre que visita um website, por forma a reconhecer as prefer\u00eancias e os detalhes do seu utilizador numa futura visita ao mesmo website.<\/p>\n<p><strong>Copy<\/strong> \u2013 todas as palavras proferidas ou escritas num an\u00fancio publicit\u00e1rio.<\/p>\n<p><strong>Direct mail<\/strong> \u2013 material publicit\u00e1rio ou de marketing enviado para os consumidores para casa e ou local de trabalho.<\/p>\n<p><strong>Home page<\/strong> \u2013 p\u00e1gina de entrada ou pagina principal de um sitio na internet<\/p>\n<p><strong>Impress\u00e3o\/Impacto<\/strong> \u2013 unidade de medida da identifica\u00e7\u00e3o de um an\u00fancio pelo p\u00fablico.<\/p>\n<p><strong>Inser\u00e7\u00e3o <\/strong>\u2013 publicidade impressa inserida em publica\u00e7\u00f5es impressas.<\/p>\n<p><strong>Jornalismo Cidad\u00e3o<\/strong>, ou <strong>Jornalismo Colaborativo<\/strong>, <strong>Jornalismo Open Source<\/strong> ou ainda <strong>Jornalismo Participativo<\/strong> &#8211; \u00e9 uma ideia de jornalismo na qual o conte\u00fado (texto + imagem + som + v\u00eddeo) \u00e9 produzido por cidad\u00e3os sem forma\u00e7\u00e3o jornal\u00edstica. Exemplos incluem o fornecimento de imagens ou filmes de acontecimentos a jornais ou televis\u00f5es ou a reportagem de acontecimentos em blogs.<\/p>\n<p><strong>Marketing<\/strong> \u2013 t\u00e9cnica para incentivar as pessoas a comprarem um produto e ou servi\u00e7o.<\/p>\n<p><strong>Marketing de guerrilha<\/strong> \u2013 marketing n\u00e3o convencional ou truques utilizados para atrair o m\u00e1ximo de aten\u00e7\u00e3o.<\/p>\n<p><strong>Marketing de proximidade<\/strong> &#8211; Localizado perto de lojas, cartazes, em paragens de autocarro ou outros locais p\u00fablicos, o marketing de proximidade utiliza a tecnologia Bluetooth para enviar mensagens publicit\u00e1rias personalizadas para os telem\u00f3veis das pessoas.<\/p>\n<p><strong>Marketing viral &#8211; <\/strong>estrat\u00e9gia de marketing que incentiva o p\u00fablico a partilhar o conte\u00fado visualizado. Exemplos incluem pequenos filmes enviados por e-mail.<\/p>\n<p><strong>Media <\/strong>\u2013 palavra utilizada para descrever meios de comunica\u00e7\u00e3o como jornais, televis\u00e3o, r\u00e1dio, internet e outras formas de receber informa\u00e7\u00e3o.<\/p>\n<p><strong>Micro site<\/strong> \u2013 pequeno s\u00edtio na internet com informa\u00e7\u00e3o muito espec\u00edfica. Muitas vezes usado para promover novos produtos.<\/p>\n<p><strong>Mouse roll over<\/strong> &#8211; utilizado em an\u00fancios on-line. Quando os visitantes deslocam o cursor sobre um an\u00fancio e \u00e9 acionado um efeito de anima\u00e7\u00e3o ou som para atrair a aten\u00e7\u00e3o.<\/p>\n<p><strong>New media<\/strong> \u2013 novas formas digitais e online de receber informa\u00e7\u00f5es.<\/p>\n<p><strong>Notoriedade de marca<\/strong> \u2013 a extens\u00e3o de conhecimento que o p\u00fablico tem de um produto, empresa ou marca.<\/p>\n<p><strong>Outdoor<\/strong> \u2013 cartazes colocados em ambientes exteriores.<\/p>\n<p><strong>Pop-up<\/strong> &#8211; an\u00fancio on-line que aparece numa nova janela em frente ao conte\u00fado da web que est\u00e1 a ser visualizado.<\/p>\n<p><strong>Publicidade <\/strong>\u2013 a publicidade \u00e9 uma atividade profissional dedicada \u00e0 difus\u00e3o p\u00fablica de empresas, produtos ou servi\u00e7os.<\/p>\n<p><strong>Publireportagem<\/strong> &#8211; an\u00fancio com a apar\u00eancia de um artigo de not\u00edcias ou editorial numa publica\u00e7\u00e3o impressa.<\/p>\n<p><strong>Publicidade contextual<\/strong> \u2013 publicidade encontrada no ambiente \u00e0 nossa volta &#8211; tal como an\u00fancios impressos no verso dos bilhetes do cinema, autocolantes no ch\u00e3o das lojas, publicidade nos carrinhos de supermercado, entre muitos outros.<\/p>\n<p><strong>Quota de audi\u00eancia<\/strong> &#8211; normalmente utilizada para se referir \u00e0 audi\u00eancia de televis\u00e3o,&nbsp; indica a extens\u00e3o do p\u00fablico espectador que assiste a um determinado canal ou programa.<\/p>\n<p><strong>Skyscraper ad<\/strong> &#8211; an\u00fancio que aparece no topo de uma p\u00e1gina web.<\/p>\n<p><strong>SMS<\/strong> &#8211; Significa \u201cShort Messaging Servisse\u201d, ou seja Servi\u00e7o de Mensagens Curtas e \u00e9 usado para enviar mensagens de texto entre telem\u00f3veis.<\/p>\n<p><strong>Social Marketing <\/strong>&#8211; Marketing e publicidade que atinge os potenciais consumidores atrav\u00e9s das redes sociais.<\/p>\n<p><strong>Spam <\/strong>\u2013 emails n\u00e3o solicitados e n\u00e3o desejados, frequentemente usados para vender.<\/p>\n<p><strong>Splash page &#8211; <\/strong>p\u00e1gina de uma marca, geralmente muito animada, apresentada antes de entrar <em>home page<\/em> de um s\u00edtio na internet.<\/p>\n<p><strong>Sponsorship <\/strong>\u2013 ou Patroc\u00ednio, \u00e9 o pagamento para fazer publicidade relacionada com um evento ou programa e que suporta e financia o evento ou a produ\u00e7\u00e3o do programa. Exemplos: patroc\u00ednios de programas de televis\u00e3o ou eventos desportivos.<\/p>\n<p><strong>Teaser<\/strong> \u2013 An\u00fancio que visa gerar curiosidade e interesse.<\/p>\n<p><strong>Telemarketing<\/strong> &#8211; t\u00e9cnica de marketing que utiliza o &nbsp;telefone para promover e vender produtos e servi\u00e7os.<\/p>\n<p><strong>Website<\/strong> \u2013 s\u00edtio na internet<\/p>\n","protected":false},"excerpt":{"rendered":"<p>Aqui ir\u00e1 encontrar uma sele\u00e7\u00e3o de algumas palavras que s\u00e3o usadas para falar dos media e de publicidade. Se existirem outras que gostaria de ver acrescentadas aqui, fa\u00e7a o favor de nos contactar. Adblocking \u2013 a utiliza\u00e7\u00e3o de um programa que permite os utilizadores de internet de bloquear o aparecimento de an\u00fancios no ecr\u00e3 quando&#8230;<\/p>\n","protected":false},"author":1,"featured_media":0,"parent":0,"menu_order":0,"comment_status":"closed","ping_status":"closed","template":"","meta":{"_monsterinsights_skip_tracking":false,"_monsterinsights_sitenote_active":false,"_monsterinsights_sitenote_note":"","_monsterinsights_sitenote_category":0},"_links":{"self":[{"href":"https:\/\/apan.pt\/mediasmart\/wp-json\/wp\/v2\/pages\/6675"}],"collection":[{"href":"https:\/\/apan.pt\/mediasmart\/wp-json\/wp\/v2\/pages"}],"about":[{"href":"https:\/\/apan.pt\/mediasmart\/wp-json\/wp\/v2\/types\/page"}],"author":[{"embeddable":true,"href":"https:\/\/apan.pt\/mediasmart\/wp-json\/wp\/v2\/users\/1"}],"replies":[{"embeddable":true,"href":"https:\/\/apan.pt\/mediasmart\/wp-json\/wp\/v2\/comments?post=6675"}],"version-history":[{"count":2,"href":"https:\/\/apan.pt\/mediasmart\/wp-json\/wp\/v2\/pages\/6675\/revisions"}],"predecessor-version":[{"id":7310,"href":"https:\/\/apan.pt\/mediasmart\/wp-json\/wp\/v2\/pages\/6675\/revisions\/7310"}],"wp:attachment":[{"href":"https:\/\/apan.pt\/mediasmart\/wp-json\/wp\/v2\/media?parent=6675"}],"curies":[{"name":"wp","href":"https:\/\/api.w.org\/{rel}","templated":true}]}}