{"id":6682,"date":"2016-08-06T03:06:47","date_gmt":"2016-08-06T03:06:47","guid":{"rendered":"http:\/\/mediasmart.mailayout.com\/?page_id=6682"},"modified":"2021-02-02T19:26:07","modified_gmt":"2021-02-02T19:26:07","slug":"links","status":"publish","type":"page","link":"https:\/\/apan.pt\/mediasmart\/media-smart\/links\/","title":{"rendered":"Links"},"content":{"rendered":"<section class=\"l-section wpb_row height_medium\"><div class=\"l-section-h i-cf\"><div class=\"g-cols vc_row via_flex valign_top type_default stacking_default\"><div class=\"vc_col-sm-9 wpb_column vc_column_container\"><div class=\"vc_column-inner\"><div class=\"wpb_wrapper\"><div class=\"wpb_text_column\"><div class=\"wpb_wrapper\"><p>Para que possa desenvolver maior conhecimento sobre esta tem\u00e1tica pode recorrer a v\u00e1rias entidades:<\/p>\n<p>Associa\u00e7\u00e3o Portuguesa de Anunciantes\u00a0 &#8211; <a href=\"http:\/\/www.apan.pt\/\">www.apan.pt<\/a><br \/>\nDire\u00e7\u00e3o Geral de Educa\u00e7\u00e3o\u00a0 &#8211; <a href=\"http:\/\/www.dge.mec.pt\/\">www.dge.mec.pt<\/a><br \/>\nEntidade Reguladora da Comunica\u00e7\u00e3o &#8211; ERC &#8211; <a href=\"http:\/\/www.erc.pt\/\">www.erc.pt<\/a><br \/>\nGabinete para os Meios de Comunica\u00e7\u00e3o Social \u00a0&#8211; <a href=\"http:\/\/www.gmcs.pt\/pt\/literacia-para-os-media-20121212-160235\">www.gmcs.pt\/pt\/literacia-para-os-media-20121212-160235<\/a><br \/>\nICAP \u2013 Instituto Civil da Autodisciplina da Comunica\u00e7\u00e3o Comercial &#8211; <a href=\"http:\/\/www.icap.pt\/\">www.icap.pt<\/a><br \/>\nPortal de Literacia para os Media\u00a0 &#8211; <a href=\"http:\/\/www.literaciamediatica.pt\/\">www.literaciamediatica.pt<\/a><a href=\"http:\/\/www.youronlinechoices.com\/pt\/\"><br \/>\n<\/a>Portal da Literacia Medi\u00e1tica &#8211; <a href=\"http:\/\/www.literaciamediatica.pt\/\">www.literaciamediatica.pt<\/a><a href=\"http:\/\/www.erc.pt\/\"><br \/>\n<\/a>Portal do Consumidor &#8211; <a href=\"http:\/\/www.consumidor.pt\">www.consumidor.pt<\/a><br \/>\nUnesco &#8211; <a href=\"http:\/\/en.unesco.org\/\">en.unesco.org<\/a><br \/>\nYour Online Choices &#8211; <a href=\"http:\/\/www.youronlinechoices.com\/pt\/\">www.youronlinechoices.com\/pt<\/a><\/p>\n<\/div><\/div><\/div><\/div><\/div><div class=\"vc_col-sm-3 wpb_column vc_column_container\"><div class=\"vc_column-inner\"><div class=\"wpb_wrapper\">[vc_wp_custommenu nav_menu=&#8221;53&#8243;]<\/div><\/div><\/div><\/div><\/div><\/section>\n","protected":false},"excerpt":{"rendered":"Para que possa desenvolver maior conhecimento sobre esta tem\u00e1tica pode recorrer a v\u00e1rias entidades: Associa\u00e7\u00e3o Portuguesa de Anunciantes\u00a0 &#8211; www.apan.pt Dire\u00e7\u00e3o Geral de Educa\u00e7\u00e3o\u00a0 &#8211; www.dge.mec.pt Entidade Reguladora da Comunica\u00e7\u00e3o &#8211; ERC &#8211; www.erc.pt Gabinete para os Meios de Comunica\u00e7\u00e3o Social \u00a0&#8211; www.gmcs.pt\/pt\/literacia-para-os-media-20121212-160235 ICAP \u2013 Instituto Civil da Autodisciplina da Comunica\u00e7\u00e3o Comercial &#8211; www.icap.pt Portal...","protected":false},"author":1,"featured_media":0,"parent":2803,"menu_order":0,"comment_status":"closed","ping_status":"closed","template":"","meta":{"_monsterinsights_skip_tracking":false,"_monsterinsights_sitenote_active":false,"_monsterinsights_sitenote_note":"","_monsterinsights_sitenote_category":0},"_links":{"self":[{"href":"https:\/\/apan.pt\/mediasmart\/wp-json\/wp\/v2\/pages\/6682"}],"collection":[{"href":"https:\/\/apan.pt\/mediasmart\/wp-json\/wp\/v2\/pages"}],"about":[{"href":"https:\/\/apan.pt\/mediasmart\/wp-json\/wp\/v2\/types\/page"}],"author":[{"embeddable":true,"href":"https:\/\/apan.pt\/mediasmart\/wp-json\/wp\/v2\/users\/1"}],"replies":[{"embeddable":true,"href":"https:\/\/apan.pt\/mediasmart\/wp-json\/wp\/v2\/comments?post=6682"}],"version-history":[{"count":4,"href":"https:\/\/apan.pt\/mediasmart\/wp-json\/wp\/v2\/pages\/6682\/revisions"}],"predecessor-version":[{"id":6751,"href":"https:\/\/apan.pt\/mediasmart\/wp-json\/wp\/v2\/pages\/6682\/revisions\/6751"}],"up":[{"embeddable":true,"href":"https:\/\/apan.pt\/mediasmart\/wp-json\/wp\/v2\/pages\/2803"}],"wp:attachment":[{"href":"https:\/\/apan.pt\/mediasmart\/wp-json\/wp\/v2\/media?parent=6682"}],"curies":[{"name":"wp","href":"https:\/\/api.w.org\/{rel}","templated":true}]}}