{"id":7109,"date":"2022-05-03T16:25:54","date_gmt":"2022-05-03T16:25:54","guid":{"rendered":"https:\/\/apan.pt\/mediasmart\/?page_id=7109"},"modified":"2022-05-03T16:28:07","modified_gmt":"2022-05-03T16:28:07","slug":"licao-sobre-igualdade-de-genero-em-publicidade","status":"publish","type":"page","link":"https:\/\/apan.pt\/mediasmart\/professores\/licao-sobre-igualdade-de-genero-em-publicidade\/","title":{"rendered":"Li\u00e7\u00e3o sobre Igualdade de G\u00e9nero em Publicidade"},"content":{"rendered":"<section class=\"l-section wpb_row height_medium\"><div class=\"l-section-h i-cf\"><div class=\"g-cols vc_row via_flex valign_top type_default stacking_default\"><div class=\"vc_col-sm-9 wpb_column vc_column_container\"><div class=\"vc_column-inner\"><div class=\"wpb_wrapper\"><div class=\"wpb_text_column\"><div class=\"wpb_wrapper\"><p>Os estere\u00f3tipos refletem ideias profundamente enraizadas de feminilidade e masculinidade. Conce\u00e7\u00f5es negativas e reduzidas de mulheres e raparigas s\u00e3o uma das maiores barreiras para a igualdade de g\u00e9nero e \u00e9 necess\u00e1rio abordar e mudar essas imagens onde quer que elas apare\u00e7am. Se a publicidade \u00e9 um motor particularmente poderoso para mudar perce\u00e7\u00f5es e influenciar as normas sociais, a escola tem um papel chave na educa\u00e7\u00e3o e sensibiliza\u00e7\u00e3o dos mais novos para esta tem\u00e1tica.<\/p>\n<p>Este <a href=\"https:\/\/apan.pt\/mediasmart\/download\/licao-sobre-igualdade-de-genero-em-publicidade\/\">recurso<\/a> foi pensado para ajudar os professores a abordarem em sala de aula a tem\u00e1tica da Igualdade de G\u00e9nero nas suas diferentes dimens\u00f5es, sensibilizando os mais jovens para a distin\u00e7\u00e3o entre os conceitos de sexo e g\u00e9nero, os estere\u00f3tipos e as escolhas, entre outros.<\/p>\n<p>Os exerc\u00edcios s\u00e3o adequados ao grupo et\u00e1rio dos 12 aos 14 de idade.<\/p>\n<p>Est\u00e1 a publicidade a retratar o g\u00e9nero como devia? Como \u00e9 que a publicidade influencia a forma como as crian\u00e7as veem o mundo? Nesta li\u00e7\u00e3o, com v\u00e1rios exemplos de campanhas onde a igualdade de g\u00e9nero \u00e9 trabalhada, pretende-se despertar o sentido cr\u00edtico das crian\u00e7as sobre esta tem\u00e1tica, levando-os a questionar e a refletir sobre o tema e a entenderem o caminho que ainda tem de ser percorrido para que a Igualdade de G\u00e9nero, nas suas v\u00e1rias dimens\u00f5es, seja uma realidade.<\/p>\n<p>Aceda <a href=\"https:\/\/apan.pt\/mediasmart\/download\/licao-sobre-igualdade-de-genero-em-publicidade\/\">AQUI<\/a> a este Recurso.<\/p>\n<\/div><\/div><\/div><\/div><\/div><div class=\"vc_col-sm-3 wpb_column vc_column_container\"><div class=\"vc_column-inner\"><div class=\"wpb_wrapper\">[vc_wp_custommenu nav_menu=&#8221;55&#8243;]<\/div><\/div><\/div><\/div><\/div><\/section>\n","protected":false},"excerpt":{"rendered":"Os estere\u00f3tipos refletem ideias profundamente enraizadas de feminilidade e masculinidade. Conce\u00e7\u00f5es negativas e reduzidas de mulheres e raparigas s\u00e3o uma das maiores barreiras para a igualdade de g\u00e9nero e \u00e9 necess\u00e1rio abordar e mudar essas imagens onde quer que elas apare\u00e7am. Se a publicidade \u00e9 um motor particularmente poderoso para mudar perce\u00e7\u00f5es e influenciar as...","protected":false},"author":2,"featured_media":0,"parent":5993,"menu_order":0,"comment_status":"closed","ping_status":"closed","template":"","meta":{"_monsterinsights_skip_tracking":false,"_monsterinsights_sitenote_active":false,"_monsterinsights_sitenote_note":"","_monsterinsights_sitenote_category":0},"_links":{"self":[{"href":"https:\/\/apan.pt\/mediasmart\/wp-json\/wp\/v2\/pages\/7109"}],"collection":[{"href":"https:\/\/apan.pt\/mediasmart\/wp-json\/wp\/v2\/pages"}],"about":[{"href":"https:\/\/apan.pt\/mediasmart\/wp-json\/wp\/v2\/types\/page"}],"author":[{"embeddable":true,"href":"https:\/\/apan.pt\/mediasmart\/wp-json\/wp\/v2\/users\/2"}],"replies":[{"embeddable":true,"href":"https:\/\/apan.pt\/mediasmart\/wp-json\/wp\/v2\/comments?post=7109"}],"version-history":[{"count":5,"href":"https:\/\/apan.pt\/mediasmart\/wp-json\/wp\/v2\/pages\/7109\/revisions"}],"predecessor-version":[{"id":7351,"href":"https:\/\/apan.pt\/mediasmart\/wp-json\/wp\/v2\/pages\/7109\/revisions\/7351"}],"up":[{"embeddable":true,"href":"https:\/\/apan.pt\/mediasmart\/wp-json\/wp\/v2\/pages\/5993"}],"wp:attachment":[{"href":"https:\/\/apan.pt\/mediasmart\/wp-json\/wp\/v2\/media?parent=7109"}],"curies":[{"name":"wp","href":"https:\/\/api.w.org\/{rel}","templated":true}]}}